{"id":6191,"date":"2021-09-24T13:39:53","date_gmt":"2021-09-24T13:39:53","guid":{"rendered":"https:\/\/iij.fifthtribe.com\/spotlight\/"},"modified":"2021-11-06T09:44:34","modified_gmt":"2021-11-06T09:44:34","slug":"spotlight","status":"publish","type":"page","link":"https:\/\/theiij.org\/fr\/global-central-authorities-initiative\/spotlight\/","title":{"rendered":"SPOTLIGHT"},"content":{"rendered":"\n<h5 class=\"wp-block-heading\">Le renforcement des capacit\u00e9s avec des r\u00e9sultats significatifs au niveau national et r\u00e9gional<\/h5>\n\n\n\n<p>ThL&rsquo;IIJ, par le biais des initiatives mondiales des autorit\u00e9s centrales, est un acteur de premier plan pour soutenir ces praticiens et am\u00e9liorer l&rsquo;efficacit\u00e9 de la coop\u00e9ration judiciaire internationale. Ces travaux reposent sur les bonnes pratiques de l&rsquo;IIJ pour les autorit\u00e9s centrales, qui appuient la mise en \u0153uvre la Bonne Pratique 9 du M\u00e9morandum de Rabat sur les bonnes pratiques pour une lutte efficace contre le terrorisme dans le secteur de la justice p\u00e9nale, la Strat\u00e9gie mondiale de lutte contre le terrorisme des Nations Unies et les r\u00e9solutions pertinentes du Conseil de s\u00e9curit\u00e9 des Nations Unies (par exemple, 2322, 2396).<\/p>\n\n\n\n<p>Via une s\u00e9rie d\u2019ateliers r\u00e9gionaux en Afrique et au Moyen-Orient tout au long de 2019 et au d\u00e9but de 2020, l\u2019IIJ a travaill\u00e9 avec les responsables des autorit\u00e9s centrales et les Alumni l\u2019IIJ pour identifier les domaines sp\u00e9cifiques n\u00e9cessitant un soutien suppl\u00e9mentaire.<\/p>\n\n\n\n<p><strong>Une collaboration dont l\u2019impact est national et r\u00e9gional<\/strong><\/p>\n\n\n\n<p>Starting with the East Africa Region, the IIJ worked with Central Authority legal counsel and prosecutors in Kenya, Tanzania and Uganda, leading a highly successful project to produce a standardised set of regional MLA procedural guidelines. Tanzania has already formally adopted the guidelines, and Uganda will soon follow. In addition, both countries are proactively taking the next steps needed to strengthen their institutions: Tanzania has taken the lead in drafting a operational manual, based on the guidelines, for its new practitioners; and, at Uganda\u2019s request, the IIJ has been working at the national level to build the capacity of its Central Authority practitioners.&nbsp;<\/p>\n\n\n\n<p><strong>Un mod\u00e8le de r\u00e9ussite<\/strong><\/p>\n\n\n\n<p>Dans un premier temps, dans la r\u00e9gion de l&rsquo;Afrique de l&rsquo;Est, l&rsquo;IIJ a collabor\u00e9 avec les conseillers juridiques et les procureurs des Autorit\u00e9s centrales du Kenya, de la Tanzanie et de l&rsquo;Ouganda, pour mener \u00e0 bien un projet qui a rencontr\u00e9 un vif succ\u00e8s, portant sur l&rsquo;\u00e9laboration d&rsquo;un ensemble harmonis\u00e9 de lignes directrices r\u00e9gionales en mati\u00e8re de proc\u00e9dures d\u2019entraide p\u00e9nale internationale.<\/p>\n\n\n\n<p><strong>Cr\u00e9ation d\u2019un \u00e9lan r\u00e9gional<\/strong><\/p>\n\n\n\n<p>Les cons\u00e9quences de l\u2019harmonisation des approches r\u00e9gionales sont importantes : la mise en place d\u2019approches standardis\u00e9es en mati\u00e8re d\u2019entraide p\u00e9nale dans ces r\u00e9gions favorise non seulement la r\u00e9ussite des enqu\u00eates et des poursuites, mais renforce la dynamique et la confiance pour la coop\u00e9ration judiciaire transfrontali\u00e8re et la collaboration interr\u00e9gionale.<\/p>\n\n\n\n<p>TL\u2019IIJ ne s\u2019arr\u00eate pas l\u00e0. Dans le courant de l\u2019ann\u00e9e prochaine, l\u2019initiative mondiale des autorit\u00e9s centrales de l\u2019IIJ appuiera les praticiens de la r\u00e9gion ANMO et des pays francophones de l\u2019Afrique de l\u2019Ouest. En outre, l\u2019Institut est fier de s\u2019associer \u00e0 la Conf\u00e9rence internationale de la r\u00e9gion des Grands Lacs (CIRGL) et au Bureau de l\u2019Envoy\u00e9 sp\u00e9cial des Nations unies pour les Grands Lacs (O\/SESG-GL) afin d\u2019\u00e9tendre le champ d\u2019application des lignes directrices normalis\u00e9es en mati\u00e8re d\u2019entraide \u00e0 tous les autres \u00c9tats membres de la CIRGL, les lignes directrices et un calendrier concret de mise en \u0153uvre devant \u00eatre soumis \u00e0 l\u2019approbation des ministres de la justice.<\/p>\n","protected":false},"excerpt":{"rendered":"<p>Le renforcement des capacit\u00e9s avec des r\u00e9sultats significatifs au niveau national et r\u00e9gional ThL&rsquo;IIJ, par le biais des initiatives mondiales des autorit\u00e9s centrales, est un acteur de premier plan pour soutenir ces praticiens et am\u00e9liorer l&rsquo;efficacit\u00e9&#8230;<\/p>\n","protected":false},"author":184,"featured_media":3895,"parent":6222,"menu_order":0,"comment_status":"closed","ping_status":"closed","template":"","meta":{"_acf_changed":false,"footnotes":""},"class_list":["post-6191","page","type-page","status-publish","has-post-thumbnail","hentry"],"acf":[],"yoast_head":"<!-- This site is optimized with the Yoast SEO plugin v26.5 - https:\/\/yoast.com\/wordpress\/plugins\/seo\/ -->\n<title>SPOTLIGHT - L&#039;Institut International pour La Justice et l&#039;Etat de Droit<\/title>\n<meta name=\"robots\" content=\"index, follow, max-snippet:-1, max-image-preview:large, max-video-preview:-1\" \/>\n<link rel=\"canonical\" href=\"https:\/\/theiij.org\/fr\/global-central-authorities-initiative\/spotlight\/\" \/>\n<meta property=\"og:locale\" content=\"fr_FR\" \/>\n<meta property=\"og:type\" content=\"article\" \/>\n<meta property=\"og:title\" content=\"SPOTLIGHT - L&#039;Institut International pour La Justice et l&#039;Etat de Droit\" \/>\n<meta property=\"og:description\" content=\"Le renforcement des capacit\u00e9s avec des r\u00e9sultats significatifs au niveau national et r\u00e9gional ThL&rsquo;IIJ, par le biais des initiatives mondiales des autorit\u00e9s centrales, est un acteur de premier plan pour soutenir ces praticiens et am\u00e9liorer l&rsquo;efficacit\u00e9...\" \/>\n<meta property=\"og:url\" content=\"https:\/\/theiij.org\/fr\/global-central-authorities-initiative\/spotlight\/\" \/>\n<meta property=\"og:site_name\" content=\"L&#039;Institut International pour La Justice et l&#039;Etat de Droit\" \/>\n<meta property=\"article:modified_time\" content=\"2021-11-06T09:44:34+00:00\" \/>\n<meta property=\"og:image\" content=\"https:\/\/soundme.app\/wp-content\/uploads\/2021\/09\/IIJ-Global-Central-Authorities-SEA-informal-group-scaled-e1632597800393.jpg\" \/>\n\t<meta property=\"og:image:width\" content=\"2560\" \/>\n\t<meta property=\"og:image:height\" content=\"1707\" \/>\n\t<meta property=\"og:image:type\" content=\"image\/jpeg\" \/>\n<meta name=\"twitter:card\" content=\"summary_large_image\" \/>\n<meta name=\"twitter:label1\" content=\"Dur\u00e9e de lecture estim\u00e9e\" \/>\n\t<meta name=\"twitter:data1\" content=\"3 minutes\" \/>\n<script type=\"application\/ld+json\" class=\"yoast-schema-graph\">{\"@context\":\"https:\/\/schema.org\",\"@graph\":[{\"@type\":\"WebPage\",\"@id\":\"https:\/\/theiij.org\/fr\/global-central-authorities-initiative\/spotlight\/\",\"url\":\"https:\/\/theiij.org\/fr\/global-central-authorities-initiative\/spotlight\/\",\"name\":\"SPOTLIGHT - L&#039;Institut International pour La Justice et l&#039;Etat de Droit\",\"isPartOf\":{\"@id\":\"https:\/\/cms.soundme.app\/#website\"},\"primaryImageOfPage\":{\"@id\":\"https:\/\/theiij.org\/fr\/global-central-authorities-initiative\/spotlight\/#primaryimage\"},\"image\":{\"@id\":\"https:\/\/theiij.org\/fr\/global-central-authorities-initiative\/spotlight\/#primaryimage\"},\"thumbnailUrl\":\"https:\/\/theiij.org\/wp-content\/uploads\/2021\/09\/IIJ-Global-Central-Authorities-SEA-informal-group-scaled-e1632597800393.jpg\",\"datePublished\":\"2021-09-24T13:39:53+00:00\",\"dateModified\":\"2021-11-06T09:44:34+00:00\",\"breadcrumb\":{\"@id\":\"https:\/\/theiij.org\/fr\/global-central-authorities-initiative\/spotlight\/#breadcrumb\"},\"inLanguage\":\"fr-FR\",\"potentialAction\":[{\"@type\":\"ReadAction\",\"target\":[\"https:\/\/theiij.org\/fr\/global-central-authorities-initiative\/spotlight\/\"]}]},{\"@type\":\"ImageObject\",\"inLanguage\":\"fr-FR\",\"@id\":\"https:\/\/theiij.org\/fr\/global-central-authorities-initiative\/spotlight\/#primaryimage\",\"url\":\"https:\/\/theiij.org\/wp-content\/uploads\/2021\/09\/IIJ-Global-Central-Authorities-SEA-informal-group-scaled-e1632597800393.jpg\",\"contentUrl\":\"https:\/\/theiij.org\/wp-content\/uploads\/2021\/09\/IIJ-Global-Central-Authorities-SEA-informal-group-scaled-e1632597800393.jpg\",\"width\":2560,\"height\":1707},{\"@type\":\"BreadcrumbList\",\"@id\":\"https:\/\/theiij.org\/fr\/global-central-authorities-initiative\/spotlight\/#breadcrumb\",\"itemListElement\":[{\"@type\":\"ListItem\",\"position\":1,\"name\":\"Home\",\"item\":\"https:\/\/theiij.org\/fr\/\"},{\"@type\":\"ListItem\",\"position\":2,\"name\":\"Initiative mondiale des autorit\u00e9s centrales\",\"item\":\"https:\/\/theiij.org\/fr\/global-central-authorities-initiative\/\"},{\"@type\":\"ListItem\",\"position\":3,\"name\":\"SPOTLIGHT\"}]},{\"@type\":\"WebSite\",\"@id\":\"https:\/\/cms.soundme.app\/#website\",\"url\":\"https:\/\/cms.soundme.app\/\",\"name\":\"The International Institute for Justice and the Rule of Law\",\"description\":\"Building the Capacity of Criminal Justice Practitioners\",\"publisher\":{\"@id\":\"https:\/\/cms.soundme.app\/#organization\"},\"potentialAction\":[{\"@type\":\"SearchAction\",\"target\":{\"@type\":\"EntryPoint\",\"urlTemplate\":\"https:\/\/cms.soundme.app\/?s={search_term_string}\"},\"query-input\":{\"@type\":\"PropertyValueSpecification\",\"valueRequired\":true,\"valueName\":\"search_term_string\"}}],\"inLanguage\":\"fr-FR\"},{\"@type\":\"Organization\",\"@id\":\"https:\/\/cms.soundme.app\/#organization\",\"name\":\"The International Institute for Justice and the Rule of Law\",\"url\":\"https:\/\/cms.soundme.app\/\",\"logo\":{\"@type\":\"ImageObject\",\"inLanguage\":\"fr-FR\",\"@id\":\"https:\/\/cms.soundme.app\/#\/schema\/logo\/image\/\",\"url\":\"https:\/\/theiij.org\/wp-content\/uploads\/2024\/06\/IIJ-Logo.svg\",\"contentUrl\":\"https:\/\/theiij.org\/wp-content\/uploads\/2024\/06\/IIJ-Logo.svg\",\"caption\":\"The International Institute for Justice and the Rule of Law\"},\"image\":{\"@id\":\"https:\/\/cms.soundme.app\/#\/schema\/logo\/image\/\"}}]}<\/script>\n<!-- \/ Yoast SEO plugin. -->","yoast_head_json":{"title":"SPOTLIGHT - L&#039;Institut International pour La Justice et l&#039;Etat de Droit","robots":{"index":"index","follow":"follow","max-snippet":"max-snippet:-1","max-image-preview":"max-image-preview:large","max-video-preview":"max-video-preview:-1"},"canonical":"https:\/\/theiij.org\/fr\/global-central-authorities-initiative\/spotlight\/","og_locale":"fr_FR","og_type":"article","og_title":"SPOTLIGHT - L&#039;Institut International pour La Justice et l&#039;Etat de Droit","og_description":"Le renforcement des capacit\u00e9s avec des r\u00e9sultats significatifs au niveau national et r\u00e9gional ThL&rsquo;IIJ, par le biais des initiatives mondiales des autorit\u00e9s centrales, est un acteur de premier plan pour soutenir ces praticiens et am\u00e9liorer l&rsquo;efficacit\u00e9...","og_url":"https:\/\/theiij.org\/fr\/global-central-authorities-initiative\/spotlight\/","og_site_name":"L&#039;Institut International pour La Justice et l&#039;Etat de Droit","article_modified_time":"2021-11-06T09:44:34+00:00","og_image":[{"width":2560,"height":1707,"url":"https:\/\/soundme.app\/wp-content\/uploads\/2021\/09\/IIJ-Global-Central-Authorities-SEA-informal-group-scaled-e1632597800393.jpg","type":"image\/jpeg"}],"twitter_card":"summary_large_image","twitter_misc":{"Dur\u00e9e de lecture estim\u00e9e":"3 minutes"},"schema":{"@context":"https:\/\/schema.org","@graph":[{"@type":"WebPage","@id":"https:\/\/theiij.org\/fr\/global-central-authorities-initiative\/spotlight\/","url":"https:\/\/theiij.org\/fr\/global-central-authorities-initiative\/spotlight\/","name":"SPOTLIGHT - L&#039;Institut International pour La Justice et l&#039;Etat de Droit","isPartOf":{"@id":"https:\/\/cms.soundme.app\/#website"},"primaryImageOfPage":{"@id":"https:\/\/theiij.org\/fr\/global-central-authorities-initiative\/spotlight\/#primaryimage"},"image":{"@id":"https:\/\/theiij.org\/fr\/global-central-authorities-initiative\/spotlight\/#primaryimage"},"thumbnailUrl":"https:\/\/theiij.org\/wp-content\/uploads\/2021\/09\/IIJ-Global-Central-Authorities-SEA-informal-group-scaled-e1632597800393.jpg","datePublished":"2021-09-24T13:39:53+00:00","dateModified":"2021-11-06T09:44:34+00:00","breadcrumb":{"@id":"https:\/\/theiij.org\/fr\/global-central-authorities-initiative\/spotlight\/#breadcrumb"},"inLanguage":"fr-FR","potentialAction":[{"@type":"ReadAction","target":["https:\/\/theiij.org\/fr\/global-central-authorities-initiative\/spotlight\/"]}]},{"@type":"ImageObject","inLanguage":"fr-FR","@id":"https:\/\/theiij.org\/fr\/global-central-authorities-initiative\/spotlight\/#primaryimage","url":"https:\/\/theiij.org\/wp-content\/uploads\/2021\/09\/IIJ-Global-Central-Authorities-SEA-informal-group-scaled-e1632597800393.jpg","contentUrl":"https:\/\/theiij.org\/wp-content\/uploads\/2021\/09\/IIJ-Global-Central-Authorities-SEA-informal-group-scaled-e1632597800393.jpg","width":2560,"height":1707},{"@type":"BreadcrumbList","@id":"https:\/\/theiij.org\/fr\/global-central-authorities-initiative\/spotlight\/#breadcrumb","itemListElement":[{"@type":"ListItem","position":1,"name":"Home","item":"https:\/\/theiij.org\/fr\/"},{"@type":"ListItem","position":2,"name":"Initiative mondiale des autorit\u00e9s centrales","item":"https:\/\/theiij.org\/fr\/global-central-authorities-initiative\/"},{"@type":"ListItem","position":3,"name":"SPOTLIGHT"}]},{"@type":"WebSite","@id":"https:\/\/cms.soundme.app\/#website","url":"https:\/\/cms.soundme.app\/","name":"The International Institute for Justice and the Rule of Law","description":"Building the Capacity of Criminal Justice Practitioners","publisher":{"@id":"https:\/\/cms.soundme.app\/#organization"},"potentialAction":[{"@type":"SearchAction","target":{"@type":"EntryPoint","urlTemplate":"https:\/\/cms.soundme.app\/?s={search_term_string}"},"query-input":{"@type":"PropertyValueSpecification","valueRequired":true,"valueName":"search_term_string"}}],"inLanguage":"fr-FR"},{"@type":"Organization","@id":"https:\/\/cms.soundme.app\/#organization","name":"The International Institute for Justice and the Rule of Law","url":"https:\/\/cms.soundme.app\/","logo":{"@type":"ImageObject","inLanguage":"fr-FR","@id":"https:\/\/cms.soundme.app\/#\/schema\/logo\/image\/","url":"https:\/\/theiij.org\/wp-content\/uploads\/2024\/06\/IIJ-Logo.svg","contentUrl":"https:\/\/theiij.org\/wp-content\/uploads\/2024\/06\/IIJ-Logo.svg","caption":"The International Institute for Justice and the Rule of Law"},"image":{"@id":"https:\/\/cms.soundme.app\/#\/schema\/logo\/image\/"}}]}},"_links":{"self":[{"href":"https:\/\/theiij.org\/fr\/wp-json\/wp\/v2\/pages\/6191","targetHints":{"allow":["GET"]}}],"collection":[{"href":"https:\/\/theiij.org\/fr\/wp-json\/wp\/v2\/pages"}],"about":[{"href":"https:\/\/theiij.org\/fr\/wp-json\/wp\/v2\/types\/page"}],"author":[{"embeddable":true,"href":"https:\/\/theiij.org\/fr\/wp-json\/wp\/v2\/users\/184"}],"replies":[{"embeddable":true,"href":"https:\/\/theiij.org\/fr\/wp-json\/wp\/v2\/comments?post=6191"}],"version-history":[{"count":0,"href":"https:\/\/theiij.org\/fr\/wp-json\/wp\/v2\/pages\/6191\/revisions"}],"up":[{"embeddable":true,"href":"https:\/\/theiij.org\/fr\/wp-json\/wp\/v2\/pages\/6222"}],"wp:featuredmedia":[{"embeddable":true,"href":"https:\/\/theiij.org\/fr\/wp-json\/wp\/v2\/media\/3895"}],"wp:attachment":[{"href":"https:\/\/theiij.org\/fr\/wp-json\/wp\/v2\/media?parent=6191"}],"curies":[{"name":"wp","href":"https:\/\/api.w.org\/{rel}","templated":true}]}}