{"id":6208,"date":"2021-09-24T04:32:06","date_gmt":"2021-09-24T04:32:06","guid":{"rendered":"https:\/\/iij.fifthtribe.com\/judicial-capacity-building-initiative\/judicial-capacity-building-spotlight\/"},"modified":"2021-11-04T21:32:06","modified_gmt":"2021-11-04T21:32:06","slug":"judicial-capacity-building-spotlight","status":"publish","type":"page","link":"https:\/\/theiij.org\/fr\/judicial-capacity-building-initiative\/judicial-capacity-building-spotlight\/","title":{"rendered":"Points marquants"},"content":{"rendered":"\n<h5 class=\"wp-block-heading\">Le traitement en ligne des proc\u00e9dures judiciaires en mati\u00e8re de terrorisme<\/h5>\n\n\n\n<p>Le Dr Nasser Al Salamat, pr\u00e9sident de l&rsquo;Autorit\u00e9 civile, Cour de s\u00fbret\u00e9 de l\u2019\u00c9tat duRoyaume hach\u00e9mite de Jordanie, a appliqu\u00e9 sa formation pour tenir des audiences \u00e0 distance pendant la pand\u00e9mie de COVID-19 tout en assurant la pleine participation de toutes les parties et en pr\u00e9servant les droits du d\u00e9fendeur \u00e0 un proc\u00e8s \u00e9quitable.<\/p>\n\n\n\n<p>Le juge Nasser a pr\u00e9sid\u00e9 \u00e0 la premi\u00e8re audience \u00e0 distance dans une affaire de terrorisme en Jordanie, L\u2019audience s\u2019est d\u00e9roul\u00e9e par vid\u00e9oconf\u00e9rence. Les repr\u00e9sentants de l\u2019accusation, de la d\u00e9fense et les juges composant la juridiction de jugement se trouvaient au tribunal, et l\u2019accus\u00e9 comparaissait depuis l\u2019\u00e9tablissement p\u00e9nitentiaire dans lequel il \u00e9tait incarc\u00e9r\u00e9. \u00c0 la suite de la r\u00e9union d&rsquo;experts, le juge Nasser a rencontr\u00e9 l\u2019\u00e9quipe des services informatiques du tribunal et le personnel de l\u2019\u00e9tablissement de d\u00e9tention pour s\u2019assurer que la salle d\u2019audience et l\u2019\u00e9tablissement de d\u00e9tention disposaient d&rsquo;un \u00e9quipement audio et visuel suffisant pour l\u2019enregistrement des d\u00e9bats, garantissant ainsi la participation effective des parties \u00e0 l\u2019audience. <\/p>\n\n\n\n<p>Le juge Nasser a \u00e9galement collabor\u00e9 avec l\u2019\u00e9quipe informatique les fonctionnalit\u00e9s techniques, pour permettre l\u2019enregistrement des d\u00e9bats et la num\u00e9risation du dossier, en appliquant les techniques qu\u2019il a apprises lors de la rencontre d\u2019experts. Le juge Nasser a inform\u00e9 l\u2019IIJ qu\u2019il a depuis pr\u00e9sid\u00e9 plus de dix audiences \u00e0 distance dans des proc\u00e8s pour terrorisme, toutes men\u00e9es avec succ\u00e8s dans le respect de l\u2019Etat de droit, malgr\u00e9 les d\u00e9fis du confinement. Le succ\u00e8s des audiences \u00e0 distance convoqu\u00e9es par la Cour de s\u00fbret\u00e9 de l\u2019Etat pour les proc\u00e8s pour terrorisme a conduit \u00e0 \u00e9largir cette pratique et \u00e0 mener des audiences \u00e0 distance dans des proc\u00e9dures de criminalit\u00e9 organis\u00e9e pendant la pand\u00e9mie. Encourag\u00e9 par cet exemple, le Tribunal militaire de Jordanie envisage actuellement une approche similaire, sous r\u00e9serve que l\u2019infrastructure technique et juridique appropri\u00e9e soit disponible.<\/p>\n","protected":false},"excerpt":{"rendered":"<p>Le traitement en ligne des proc\u00e9dures judiciaires en mati\u00e8re de terrorisme Le Dr Nasser Al Salamat, pr\u00e9sident de l&rsquo;Autorit\u00e9 civile, Cour de s\u00fbret\u00e9 de l\u2019\u00c9tat duRoyaume hach\u00e9mite de Jordanie, a appliqu\u00e9 sa formation pour tenir des&#8230;<\/p>\n","protected":false},"author":184,"featured_media":0,"parent":6205,"menu_order":0,"comment_status":"closed","ping_status":"closed","template":"","meta":{"_acf_changed":false,"footnotes":""},"class_list":["post-6208","page","type-page","status-publish","hentry"],"acf":[],"yoast_head":"<!-- This site is optimized with the Yoast SEO plugin v26.5 - https:\/\/yoast.com\/wordpress\/plugins\/seo\/ -->\n<title>Points marquants - L&#039;Institut International pour La Justice et l&#039;Etat de Droit<\/title>\n<meta name=\"robots\" content=\"index, follow, max-snippet:-1, max-image-preview:large, max-video-preview:-1\" \/>\n<link rel=\"canonical\" href=\"https:\/\/soundme.app\/fr\/judicial-capacity-building-initiative\/judicial-capacity-building-spotlight\/\" \/>\n<meta property=\"og:locale\" content=\"fr_FR\" \/>\n<meta property=\"og:type\" content=\"article\" \/>\n<meta property=\"og:title\" content=\"Points marquants - L&#039;Institut International pour La Justice et l&#039;Etat de Droit\" \/>\n<meta property=\"og:description\" content=\"Le traitement en ligne des proc\u00e9dures judiciaires en mati\u00e8re de terrorisme Le Dr Nasser Al Salamat, pr\u00e9sident de l&rsquo;Autorit\u00e9 civile, Cour de s\u00fbret\u00e9 de l\u2019\u00c9tat duRoyaume hach\u00e9mite de Jordanie, a appliqu\u00e9 sa formation pour tenir des...\" \/>\n<meta property=\"og:url\" content=\"https:\/\/soundme.app\/fr\/judicial-capacity-building-initiative\/judicial-capacity-building-spotlight\/\" \/>\n<meta property=\"og:site_name\" content=\"L&#039;Institut International pour La Justice et l&#039;Etat de Droit\" \/>\n<meta property=\"article:modified_time\" content=\"2021-11-04T21:32:06+00:00\" \/>\n<meta name=\"twitter:card\" content=\"summary_large_image\" \/>\n<meta name=\"twitter:label1\" content=\"Dur\u00e9e de lecture estim\u00e9e\" \/>\n\t<meta name=\"twitter:data1\" content=\"2 minutes\" \/>\n<script type=\"application\/ld+json\" class=\"yoast-schema-graph\">{\"@context\":\"https:\/\/schema.org\",\"@graph\":[{\"@type\":\"WebPage\",\"@id\":\"https:\/\/soundme.app\/fr\/judicial-capacity-building-initiative\/judicial-capacity-building-spotlight\/\",\"url\":\"https:\/\/soundme.app\/fr\/judicial-capacity-building-initiative\/judicial-capacity-building-spotlight\/\",\"name\":\"Points marquants - L&#039;Institut International pour La Justice et l&#039;Etat de Droit\",\"isPartOf\":{\"@id\":\"https:\/\/cms.soundme.app\/#website\"},\"datePublished\":\"2021-09-24T04:32:06+00:00\",\"dateModified\":\"2021-11-04T21:32:06+00:00\",\"breadcrumb\":{\"@id\":\"https:\/\/soundme.app\/fr\/judicial-capacity-building-initiative\/judicial-capacity-building-spotlight\/#breadcrumb\"},\"inLanguage\":\"fr-FR\",\"potentialAction\":[{\"@type\":\"ReadAction\",\"target\":[\"https:\/\/soundme.app\/fr\/judicial-capacity-building-initiative\/judicial-capacity-building-spotlight\/\"]}]},{\"@type\":\"BreadcrumbList\",\"@id\":\"https:\/\/soundme.app\/fr\/judicial-capacity-building-initiative\/judicial-capacity-building-spotlight\/#breadcrumb\",\"itemListElement\":[{\"@type\":\"ListItem\",\"position\":1,\"name\":\"Home\",\"item\":\"https:\/\/theiij.org\/fr\/\"},{\"@type\":\"ListItem\",\"position\":2,\"name\":\"Initiative de renforcement des capacit\u00e9s judiciaires\",\"item\":\"https:\/\/soundme.app\/fr\/judicial-capacity-building-initiative\/\"},{\"@type\":\"ListItem\",\"position\":3,\"name\":\"Points marquants\"}]},{\"@type\":\"WebSite\",\"@id\":\"https:\/\/cms.soundme.app\/#website\",\"url\":\"https:\/\/cms.soundme.app\/\",\"name\":\"The International Institute for Justice and the Rule of Law\",\"description\":\"Building the Capacity of Criminal Justice Practitioners\",\"publisher\":{\"@id\":\"https:\/\/cms.soundme.app\/#organization\"},\"potentialAction\":[{\"@type\":\"SearchAction\",\"target\":{\"@type\":\"EntryPoint\",\"urlTemplate\":\"https:\/\/cms.soundme.app\/?s={search_term_string}\"},\"query-input\":{\"@type\":\"PropertyValueSpecification\",\"valueRequired\":true,\"valueName\":\"search_term_string\"}}],\"inLanguage\":\"fr-FR\"},{\"@type\":\"Organization\",\"@id\":\"https:\/\/cms.soundme.app\/#organization\",\"name\":\"The International Institute for Justice and the Rule of Law\",\"url\":\"https:\/\/cms.soundme.app\/\",\"logo\":{\"@type\":\"ImageObject\",\"inLanguage\":\"fr-FR\",\"@id\":\"https:\/\/cms.soundme.app\/#\/schema\/logo\/image\/\",\"url\":\"https:\/\/theiij.org\/wp-content\/uploads\/2024\/06\/IIJ-Logo.svg\",\"contentUrl\":\"https:\/\/theiij.org\/wp-content\/uploads\/2024\/06\/IIJ-Logo.svg\",\"caption\":\"The International Institute for Justice and the Rule of Law\"},\"image\":{\"@id\":\"https:\/\/cms.soundme.app\/#\/schema\/logo\/image\/\"}}]}<\/script>\n<!-- \/ Yoast SEO plugin. -->","yoast_head_json":{"title":"Points marquants - L&#039;Institut International pour La Justice et l&#039;Etat de Droit","robots":{"index":"index","follow":"follow","max-snippet":"max-snippet:-1","max-image-preview":"max-image-preview:large","max-video-preview":"max-video-preview:-1"},"canonical":"https:\/\/soundme.app\/fr\/judicial-capacity-building-initiative\/judicial-capacity-building-spotlight\/","og_locale":"fr_FR","og_type":"article","og_title":"Points marquants - L&#039;Institut International pour La Justice et l&#039;Etat de Droit","og_description":"Le traitement en ligne des proc\u00e9dures judiciaires en mati\u00e8re de terrorisme Le Dr Nasser Al Salamat, pr\u00e9sident de l&rsquo;Autorit\u00e9 civile, Cour de s\u00fbret\u00e9 de l\u2019\u00c9tat duRoyaume hach\u00e9mite de Jordanie, a appliqu\u00e9 sa formation pour tenir des...","og_url":"https:\/\/soundme.app\/fr\/judicial-capacity-building-initiative\/judicial-capacity-building-spotlight\/","og_site_name":"L&#039;Institut International pour La Justice et l&#039;Etat de Droit","article_modified_time":"2021-11-04T21:32:06+00:00","twitter_card":"summary_large_image","twitter_misc":{"Dur\u00e9e de lecture estim\u00e9e":"2 minutes"},"schema":{"@context":"https:\/\/schema.org","@graph":[{"@type":"WebPage","@id":"https:\/\/soundme.app\/fr\/judicial-capacity-building-initiative\/judicial-capacity-building-spotlight\/","url":"https:\/\/soundme.app\/fr\/judicial-capacity-building-initiative\/judicial-capacity-building-spotlight\/","name":"Points marquants - L&#039;Institut International pour La Justice et l&#039;Etat de Droit","isPartOf":{"@id":"https:\/\/cms.soundme.app\/#website"},"datePublished":"2021-09-24T04:32:06+00:00","dateModified":"2021-11-04T21:32:06+00:00","breadcrumb":{"@id":"https:\/\/soundme.app\/fr\/judicial-capacity-building-initiative\/judicial-capacity-building-spotlight\/#breadcrumb"},"inLanguage":"fr-FR","potentialAction":[{"@type":"ReadAction","target":["https:\/\/soundme.app\/fr\/judicial-capacity-building-initiative\/judicial-capacity-building-spotlight\/"]}]},{"@type":"BreadcrumbList","@id":"https:\/\/soundme.app\/fr\/judicial-capacity-building-initiative\/judicial-capacity-building-spotlight\/#breadcrumb","itemListElement":[{"@type":"ListItem","position":1,"name":"Home","item":"https:\/\/theiij.org\/fr\/"},{"@type":"ListItem","position":2,"name":"Initiative de renforcement des capacit\u00e9s judiciaires","item":"https:\/\/soundme.app\/fr\/judicial-capacity-building-initiative\/"},{"@type":"ListItem","position":3,"name":"Points marquants"}]},{"@type":"WebSite","@id":"https:\/\/cms.soundme.app\/#website","url":"https:\/\/cms.soundme.app\/","name":"The International Institute for Justice and the Rule of Law","description":"Building the Capacity of Criminal Justice Practitioners","publisher":{"@id":"https:\/\/cms.soundme.app\/#organization"},"potentialAction":[{"@type":"SearchAction","target":{"@type":"EntryPoint","urlTemplate":"https:\/\/cms.soundme.app\/?s={search_term_string}"},"query-input":{"@type":"PropertyValueSpecification","valueRequired":true,"valueName":"search_term_string"}}],"inLanguage":"fr-FR"},{"@type":"Organization","@id":"https:\/\/cms.soundme.app\/#organization","name":"The International Institute for Justice and the Rule of Law","url":"https:\/\/cms.soundme.app\/","logo":{"@type":"ImageObject","inLanguage":"fr-FR","@id":"https:\/\/cms.soundme.app\/#\/schema\/logo\/image\/","url":"https:\/\/theiij.org\/wp-content\/uploads\/2024\/06\/IIJ-Logo.svg","contentUrl":"https:\/\/theiij.org\/wp-content\/uploads\/2024\/06\/IIJ-Logo.svg","caption":"The International Institute for Justice and the Rule of Law"},"image":{"@id":"https:\/\/cms.soundme.app\/#\/schema\/logo\/image\/"}}]}},"_links":{"self":[{"href":"https:\/\/theiij.org\/fr\/wp-json\/wp\/v2\/pages\/6208","targetHints":{"allow":["GET"]}}],"collection":[{"href":"https:\/\/theiij.org\/fr\/wp-json\/wp\/v2\/pages"}],"about":[{"href":"https:\/\/theiij.org\/fr\/wp-json\/wp\/v2\/types\/page"}],"author":[{"embeddable":true,"href":"https:\/\/theiij.org\/fr\/wp-json\/wp\/v2\/users\/184"}],"replies":[{"embeddable":true,"href":"https:\/\/theiij.org\/fr\/wp-json\/wp\/v2\/comments?post=6208"}],"version-history":[{"count":0,"href":"https:\/\/theiij.org\/fr\/wp-json\/wp\/v2\/pages\/6208\/revisions"}],"up":[{"embeddable":true,"href":"https:\/\/theiij.org\/fr\/wp-json\/wp\/v2\/pages\/6205"}],"wp:attachment":[{"href":"https:\/\/theiij.org\/fr\/wp-json\/wp\/v2\/media?parent=6208"}],"curies":[{"name":"wp","href":"https:\/\/api.w.org\/{rel}","templated":true}]}}