{"id":6210,"date":"2021-09-24T03:46:53","date_gmt":"2021-09-24T03:46:53","guid":{"rendered":"https:\/\/iij.fifthtribe.com\/juvenile-justice-initiative\/"},"modified":"2021-11-10T11:23:07","modified_gmt":"2021-11-10T11:23:07","slug":"juvenile-justice-initiative","status":"publish","type":"page","link":"https:\/\/theiij.org\/fr\/juvenile-justice-initiative\/","title":{"rendered":"Initiative en mati\u00e8re de justice juv\u00e9nile"},"content":{"rendered":"\n<p>L\u2019initiative sur la justice pour mineurs soutient la mise en \u0153uvre et l&rsquo;op\u00e9rationnalisation du M\u00e9morandum de Neuch\u00e2tel sur les bonnes pratiques en mati\u00e8re de justice pour mineurs dans un contexte de lutte contre le terrorisme, par le biais du renforcement des capacit\u00e9s r\u00e9gionales et sectorielles et de l\u2019\u00e9laboration d\u2019outils destin\u00e9s aux praticiens qui g\u00e8rent les affaires de mineurs. L\u2019IIJ est fierd\u2019avoir jou\u00e9un r\u00f4le essentiel dans le d\u00e9veloppement de ces importantes bonnes pratiques, et est maintenant un acteur majeur de leur mise en \u0153uvre, travaillant avec des praticiens de la justice p\u00e9nale aux niveaux national, r\u00e9gional et sectoriel.<\/p>\n","protected":false},"excerpt":{"rendered":"<p>L\u2019initiative sur la justice pour mineurs soutient la mise en \u0153uvre et l&rsquo;op\u00e9rationnalisation du M\u00e9morandum de Neuch\u00e2tel sur les bonnes pratiques en mati\u00e8re de justice pour mineurs dans un contexte de lutte contre le terrorisme, par&#8230;<\/p>\n","protected":false},"author":184,"featured_media":0,"parent":0,"menu_order":0,"comment_status":"closed","ping_status":"closed","template":"templates\/page-builder.php","meta":{"_acf_changed":false,"footnotes":""},"class_list":["post-6210","page","type-page","status-publish","hentry"],"acf":[],"yoast_head":"<!-- This site is optimized with the Yoast SEO plugin v26.5 - https:\/\/yoast.com\/wordpress\/plugins\/seo\/ -->\n<title>Initiative en mati\u00e8re de justice juv\u00e9nile - L&#039;Institut International pour La Justice et l&#039;Etat de Droit<\/title>\n<meta name=\"robots\" content=\"index, follow, max-snippet:-1, max-image-preview:large, max-video-preview:-1\" \/>\n<link rel=\"canonical\" href=\"https:\/\/soundme.app\/fr\/juvenile-justice-initiative\/\" \/>\n<meta property=\"og:locale\" content=\"fr_FR\" \/>\n<meta property=\"og:type\" content=\"article\" \/>\n<meta property=\"og:title\" content=\"Initiative en mati\u00e8re de justice juv\u00e9nile - L&#039;Institut International pour La Justice et l&#039;Etat de Droit\" \/>\n<meta property=\"og:description\" content=\"L\u2019initiative sur la justice pour mineurs soutient la mise en \u0153uvre et l&rsquo;op\u00e9rationnalisation du M\u00e9morandum de Neuch\u00e2tel sur les bonnes pratiques en mati\u00e8re de justice pour mineurs dans un contexte de lutte contre le terrorisme, par...\" \/>\n<meta property=\"og:url\" content=\"https:\/\/soundme.app\/fr\/juvenile-justice-initiative\/\" \/>\n<meta property=\"og:site_name\" content=\"L&#039;Institut International pour La Justice et l&#039;Etat de Droit\" \/>\n<meta property=\"article:modified_time\" content=\"2021-11-10T11:23:07+00:00\" \/>\n<meta name=\"twitter:card\" content=\"summary_large_image\" \/>\n<meta name=\"twitter:label1\" content=\"Dur\u00e9e de lecture estim\u00e9e\" \/>\n\t<meta name=\"twitter:data1\" content=\"1 minute\" \/>\n<script type=\"application\/ld+json\" class=\"yoast-schema-graph\">{\"@context\":\"https:\/\/schema.org\",\"@graph\":[{\"@type\":\"WebPage\",\"@id\":\"https:\/\/soundme.app\/fr\/juvenile-justice-initiative\/\",\"url\":\"https:\/\/soundme.app\/fr\/juvenile-justice-initiative\/\",\"name\":\"Initiative en mati\u00e8re de justice juv\u00e9nile - L&#039;Institut International pour La Justice et l&#039;Etat de Droit\",\"isPartOf\":{\"@id\":\"https:\/\/cms.soundme.app\/#website\"},\"datePublished\":\"2021-09-24T03:46:53+00:00\",\"dateModified\":\"2021-11-10T11:23:07+00:00\",\"breadcrumb\":{\"@id\":\"https:\/\/soundme.app\/fr\/juvenile-justice-initiative\/#breadcrumb\"},\"inLanguage\":\"fr-FR\",\"potentialAction\":[{\"@type\":\"ReadAction\",\"target\":[\"https:\/\/soundme.app\/fr\/juvenile-justice-initiative\/\"]}]},{\"@type\":\"BreadcrumbList\",\"@id\":\"https:\/\/soundme.app\/fr\/juvenile-justice-initiative\/#breadcrumb\",\"itemListElement\":[{\"@type\":\"ListItem\",\"position\":1,\"name\":\"Home\",\"item\":\"https:\/\/theiij.org\/fr\/\"},{\"@type\":\"ListItem\",\"position\":2,\"name\":\"Initiative en mati\u00e8re de justice juv\u00e9nile\"}]},{\"@type\":\"WebSite\",\"@id\":\"https:\/\/cms.soundme.app\/#website\",\"url\":\"https:\/\/cms.soundme.app\/\",\"name\":\"The International Institute for Justice and the Rule of Law\",\"description\":\"Building the Capacity of Criminal Justice Practitioners\",\"publisher\":{\"@id\":\"https:\/\/cms.soundme.app\/#organization\"},\"potentialAction\":[{\"@type\":\"SearchAction\",\"target\":{\"@type\":\"EntryPoint\",\"urlTemplate\":\"https:\/\/cms.soundme.app\/?s={search_term_string}\"},\"query-input\":{\"@type\":\"PropertyValueSpecification\",\"valueRequired\":true,\"valueName\":\"search_term_string\"}}],\"inLanguage\":\"fr-FR\"},{\"@type\":\"Organization\",\"@id\":\"https:\/\/cms.soundme.app\/#organization\",\"name\":\"The International Institute for Justice and the Rule of Law\",\"url\":\"https:\/\/cms.soundme.app\/\",\"logo\":{\"@type\":\"ImageObject\",\"inLanguage\":\"fr-FR\",\"@id\":\"https:\/\/cms.soundme.app\/#\/schema\/logo\/image\/\",\"url\":\"https:\/\/theiij.org\/wp-content\/uploads\/2024\/06\/IIJ-Logo.svg\",\"contentUrl\":\"https:\/\/theiij.org\/wp-content\/uploads\/2024\/06\/IIJ-Logo.svg\",\"caption\":\"The International Institute for Justice and the Rule of Law\"},\"image\":{\"@id\":\"https:\/\/cms.soundme.app\/#\/schema\/logo\/image\/\"}}]}<\/script>\n<!-- \/ Yoast SEO plugin. -->","yoast_head_json":{"title":"Initiative en mati\u00e8re de justice juv\u00e9nile - L&#039;Institut International pour La Justice et l&#039;Etat de Droit","robots":{"index":"index","follow":"follow","max-snippet":"max-snippet:-1","max-image-preview":"max-image-preview:large","max-video-preview":"max-video-preview:-1"},"canonical":"https:\/\/soundme.app\/fr\/juvenile-justice-initiative\/","og_locale":"fr_FR","og_type":"article","og_title":"Initiative en mati\u00e8re de justice juv\u00e9nile - L&#039;Institut International pour La Justice et l&#039;Etat de Droit","og_description":"L\u2019initiative sur la justice pour mineurs soutient la mise en \u0153uvre et l&rsquo;op\u00e9rationnalisation du M\u00e9morandum de Neuch\u00e2tel sur les bonnes pratiques en mati\u00e8re de justice pour mineurs dans un contexte de lutte contre le terrorisme, par...","og_url":"https:\/\/soundme.app\/fr\/juvenile-justice-initiative\/","og_site_name":"L&#039;Institut International pour La Justice et l&#039;Etat de Droit","article_modified_time":"2021-11-10T11:23:07+00:00","twitter_card":"summary_large_image","twitter_misc":{"Dur\u00e9e de lecture estim\u00e9e":"1 minute"},"schema":{"@context":"https:\/\/schema.org","@graph":[{"@type":"WebPage","@id":"https:\/\/soundme.app\/fr\/juvenile-justice-initiative\/","url":"https:\/\/soundme.app\/fr\/juvenile-justice-initiative\/","name":"Initiative en mati\u00e8re de justice juv\u00e9nile - L&#039;Institut International pour La Justice et l&#039;Etat de Droit","isPartOf":{"@id":"https:\/\/cms.soundme.app\/#website"},"datePublished":"2021-09-24T03:46:53+00:00","dateModified":"2021-11-10T11:23:07+00:00","breadcrumb":{"@id":"https:\/\/soundme.app\/fr\/juvenile-justice-initiative\/#breadcrumb"},"inLanguage":"fr-FR","potentialAction":[{"@type":"ReadAction","target":["https:\/\/soundme.app\/fr\/juvenile-justice-initiative\/"]}]},{"@type":"BreadcrumbList","@id":"https:\/\/soundme.app\/fr\/juvenile-justice-initiative\/#breadcrumb","itemListElement":[{"@type":"ListItem","position":1,"name":"Home","item":"https:\/\/theiij.org\/fr\/"},{"@type":"ListItem","position":2,"name":"Initiative en mati\u00e8re de justice juv\u00e9nile"}]},{"@type":"WebSite","@id":"https:\/\/cms.soundme.app\/#website","url":"https:\/\/cms.soundme.app\/","name":"The International Institute for Justice and the Rule of Law","description":"Building the Capacity of Criminal Justice Practitioners","publisher":{"@id":"https:\/\/cms.soundme.app\/#organization"},"potentialAction":[{"@type":"SearchAction","target":{"@type":"EntryPoint","urlTemplate":"https:\/\/cms.soundme.app\/?s={search_term_string}"},"query-input":{"@type":"PropertyValueSpecification","valueRequired":true,"valueName":"search_term_string"}}],"inLanguage":"fr-FR"},{"@type":"Organization","@id":"https:\/\/cms.soundme.app\/#organization","name":"The International Institute for Justice and the Rule of Law","url":"https:\/\/cms.soundme.app\/","logo":{"@type":"ImageObject","inLanguage":"fr-FR","@id":"https:\/\/cms.soundme.app\/#\/schema\/logo\/image\/","url":"https:\/\/theiij.org\/wp-content\/uploads\/2024\/06\/IIJ-Logo.svg","contentUrl":"https:\/\/theiij.org\/wp-content\/uploads\/2024\/06\/IIJ-Logo.svg","caption":"The International Institute for Justice and the Rule of Law"},"image":{"@id":"https:\/\/cms.soundme.app\/#\/schema\/logo\/image\/"}}]}},"_links":{"self":[{"href":"https:\/\/theiij.org\/fr\/wp-json\/wp\/v2\/pages\/6210","targetHints":{"allow":["GET"]}}],"collection":[{"href":"https:\/\/theiij.org\/fr\/wp-json\/wp\/v2\/pages"}],"about":[{"href":"https:\/\/theiij.org\/fr\/wp-json\/wp\/v2\/types\/page"}],"author":[{"embeddable":true,"href":"https:\/\/theiij.org\/fr\/wp-json\/wp\/v2\/users\/184"}],"replies":[{"embeddable":true,"href":"https:\/\/theiij.org\/fr\/wp-json\/wp\/v2\/comments?post=6210"}],"version-history":[{"count":0,"href":"https:\/\/theiij.org\/fr\/wp-json\/wp\/v2\/pages\/6210\/revisions"}],"wp:attachment":[{"href":"https:\/\/theiij.org\/fr\/wp-json\/wp\/v2\/media?parent=6210"}],"curies":[{"name":"wp","href":"https:\/\/api.w.org\/{rel}","templated":true}]}}