{"id":6215,"date":"2021-09-24T03:33:06","date_gmt":"2021-09-24T03:33:06","guid":{"rendered":"https:\/\/iij.fifthtribe.com\/parliamentarians-initiative\/"},"modified":"2021-11-10T11:22:39","modified_gmt":"2021-11-10T11:22:39","slug":"parliamentarians-initiative","status":"publish","type":"page","link":"https:\/\/theiij.org\/fr\/parliamentarians-initiative\/","title":{"rendered":"Initiative des parlementaires"},"content":{"rendered":"\n<p>Les parlementaires jouent un r\u00f4le essentiel dans la mise en place d\u2019une l\u00e9gislation contre le terrorisme sur le plan national. Leur participation dans le domaine de la lutte contre le terrorisme accro\u00eet \u00e9galement l\u2019efficacit\u00e9de ces politiques, qui b\u00e9n\u00e9ficient de m\u00e9canismes de responsabilit\u00e9 renforc\u00e9s, d\u2019une bonne gouvernance, d\u2019une participation civique, de ressources et d\u2019une adh\u00e9sion aux bonnes pratiques internationales, tout en favorisant la r\u00e9silience de la soci\u00e9t\u00e9. Les politiques de lutte contre le terrorisme sont donc une occasion de renforcer la r\u00e8gle de droit et les droits de l\u2019homme.&nbsp;Afin de pouvoir relever ces d\u00e9fis, l\u2019Institut International pour la Justice et l\u2019\u00c9tat de Droit (IIJ), a lanc\u00e9en 2015 l\u2019Initiative des parlementaires de l\u2019IIJ, r\u00e9unissant plus de 250 parlementaires de 31 pays et 11 forums interparlementaires r\u00e9gionaux du Moyen-Orient et de l\u2019Afrique du Nord, de l\u2019Est et de l\u2019Ouest.<\/p>\n","protected":false},"excerpt":{"rendered":"<p>Les parlementaires jouent un r\u00f4le essentiel dans la mise en place d\u2019une l\u00e9gislation contre le terrorisme sur le plan national. Leur participation dans le domaine de la lutte contre le terrorisme accro\u00eet \u00e9galement l\u2019efficacit\u00e9de ces politiques,&#8230;<\/p>\n","protected":false},"author":184,"featured_media":0,"parent":0,"menu_order":0,"comment_status":"closed","ping_status":"closed","template":"templates\/page-builder.php","meta":{"_acf_changed":false,"footnotes":""},"class_list":["post-6215","page","type-page","status-publish","hentry"],"acf":[],"yoast_head":"<!-- This site is optimized with the Yoast SEO plugin v26.5 - https:\/\/yoast.com\/wordpress\/plugins\/seo\/ -->\n<title>Initiative des parlementaires - L&#039;Institut International pour La Justice et l&#039;Etat de Droit<\/title>\n<meta name=\"robots\" content=\"index, follow, max-snippet:-1, max-image-preview:large, max-video-preview:-1\" \/>\n<link rel=\"canonical\" href=\"https:\/\/www.soundme.app\/fr\/parliamentarians-initiative\/\" \/>\n<meta property=\"og:locale\" content=\"fr_FR\" \/>\n<meta property=\"og:type\" content=\"article\" \/>\n<meta property=\"og:title\" content=\"Initiative des parlementaires - L&#039;Institut International pour La Justice et l&#039;Etat de Droit\" \/>\n<meta property=\"og:description\" content=\"Les parlementaires jouent un r\u00f4le essentiel dans la mise en place d\u2019une l\u00e9gislation contre le terrorisme sur le plan national. Leur participation dans le domaine de la lutte contre le terrorisme accro\u00eet \u00e9galement l\u2019efficacit\u00e9de ces politiques,...\" \/>\n<meta property=\"og:url\" content=\"https:\/\/www.soundme.app\/fr\/parliamentarians-initiative\/\" \/>\n<meta property=\"og:site_name\" content=\"L&#039;Institut International pour La Justice et l&#039;Etat de Droit\" \/>\n<meta property=\"article:modified_time\" content=\"2021-11-10T11:22:39+00:00\" \/>\n<meta name=\"twitter:card\" content=\"summary_large_image\" \/>\n<meta name=\"twitter:label1\" content=\"Dur\u00e9e de lecture estim\u00e9e\" \/>\n\t<meta name=\"twitter:data1\" content=\"1 minute\" \/>\n<script type=\"application\/ld+json\" class=\"yoast-schema-graph\">{\"@context\":\"https:\/\/schema.org\",\"@graph\":[{\"@type\":\"WebPage\",\"@id\":\"https:\/\/www.soundme.app\/fr\/parliamentarians-initiative\/\",\"url\":\"https:\/\/www.soundme.app\/fr\/parliamentarians-initiative\/\",\"name\":\"Initiative des parlementaires - L&#039;Institut International pour La Justice et l&#039;Etat de Droit\",\"isPartOf\":{\"@id\":\"https:\/\/cms.soundme.app\/#website\"},\"datePublished\":\"2021-09-24T03:33:06+00:00\",\"dateModified\":\"2021-11-10T11:22:39+00:00\",\"breadcrumb\":{\"@id\":\"https:\/\/www.soundme.app\/fr\/parliamentarians-initiative\/#breadcrumb\"},\"inLanguage\":\"fr-FR\",\"potentialAction\":[{\"@type\":\"ReadAction\",\"target\":[\"https:\/\/www.soundme.app\/fr\/parliamentarians-initiative\/\"]}]},{\"@type\":\"BreadcrumbList\",\"@id\":\"https:\/\/www.soundme.app\/fr\/parliamentarians-initiative\/#breadcrumb\",\"itemListElement\":[{\"@type\":\"ListItem\",\"position\":1,\"name\":\"Home\",\"item\":\"https:\/\/theiij.org\/fr\/\"},{\"@type\":\"ListItem\",\"position\":2,\"name\":\"Initiative des parlementaires\"}]},{\"@type\":\"WebSite\",\"@id\":\"https:\/\/cms.soundme.app\/#website\",\"url\":\"https:\/\/cms.soundme.app\/\",\"name\":\"The International Institute for Justice and the Rule of Law\",\"description\":\"Building the Capacity of Criminal Justice Practitioners\",\"publisher\":{\"@id\":\"https:\/\/cms.soundme.app\/#organization\"},\"potentialAction\":[{\"@type\":\"SearchAction\",\"target\":{\"@type\":\"EntryPoint\",\"urlTemplate\":\"https:\/\/cms.soundme.app\/?s={search_term_string}\"},\"query-input\":{\"@type\":\"PropertyValueSpecification\",\"valueRequired\":true,\"valueName\":\"search_term_string\"}}],\"inLanguage\":\"fr-FR\"},{\"@type\":\"Organization\",\"@id\":\"https:\/\/cms.soundme.app\/#organization\",\"name\":\"The International Institute for Justice and the Rule of Law\",\"url\":\"https:\/\/cms.soundme.app\/\",\"logo\":{\"@type\":\"ImageObject\",\"inLanguage\":\"fr-FR\",\"@id\":\"https:\/\/cms.soundme.app\/#\/schema\/logo\/image\/\",\"url\":\"https:\/\/theiij.org\/wp-content\/uploads\/2024\/06\/IIJ-Logo.svg\",\"contentUrl\":\"https:\/\/theiij.org\/wp-content\/uploads\/2024\/06\/IIJ-Logo.svg\",\"caption\":\"The International Institute for Justice and the Rule of Law\"},\"image\":{\"@id\":\"https:\/\/cms.soundme.app\/#\/schema\/logo\/image\/\"}}]}<\/script>\n<!-- \/ Yoast SEO plugin. -->","yoast_head_json":{"title":"Initiative des parlementaires - L&#039;Institut International pour La Justice et l&#039;Etat de Droit","robots":{"index":"index","follow":"follow","max-snippet":"max-snippet:-1","max-image-preview":"max-image-preview:large","max-video-preview":"max-video-preview:-1"},"canonical":"https:\/\/www.soundme.app\/fr\/parliamentarians-initiative\/","og_locale":"fr_FR","og_type":"article","og_title":"Initiative des parlementaires - L&#039;Institut International pour La Justice et l&#039;Etat de Droit","og_description":"Les parlementaires jouent un r\u00f4le essentiel dans la mise en place d\u2019une l\u00e9gislation contre le terrorisme sur le plan national. Leur participation dans le domaine de la lutte contre le terrorisme accro\u00eet \u00e9galement l\u2019efficacit\u00e9de ces politiques,...","og_url":"https:\/\/www.soundme.app\/fr\/parliamentarians-initiative\/","og_site_name":"L&#039;Institut International pour La Justice et l&#039;Etat de Droit","article_modified_time":"2021-11-10T11:22:39+00:00","twitter_card":"summary_large_image","twitter_misc":{"Dur\u00e9e de lecture estim\u00e9e":"1 minute"},"schema":{"@context":"https:\/\/schema.org","@graph":[{"@type":"WebPage","@id":"https:\/\/www.soundme.app\/fr\/parliamentarians-initiative\/","url":"https:\/\/www.soundme.app\/fr\/parliamentarians-initiative\/","name":"Initiative des parlementaires - L&#039;Institut International pour La Justice et l&#039;Etat de Droit","isPartOf":{"@id":"https:\/\/cms.soundme.app\/#website"},"datePublished":"2021-09-24T03:33:06+00:00","dateModified":"2021-11-10T11:22:39+00:00","breadcrumb":{"@id":"https:\/\/www.soundme.app\/fr\/parliamentarians-initiative\/#breadcrumb"},"inLanguage":"fr-FR","potentialAction":[{"@type":"ReadAction","target":["https:\/\/www.soundme.app\/fr\/parliamentarians-initiative\/"]}]},{"@type":"BreadcrumbList","@id":"https:\/\/www.soundme.app\/fr\/parliamentarians-initiative\/#breadcrumb","itemListElement":[{"@type":"ListItem","position":1,"name":"Home","item":"https:\/\/theiij.org\/fr\/"},{"@type":"ListItem","position":2,"name":"Initiative des parlementaires"}]},{"@type":"WebSite","@id":"https:\/\/cms.soundme.app\/#website","url":"https:\/\/cms.soundme.app\/","name":"The International Institute for Justice and the Rule of Law","description":"Building the Capacity of Criminal Justice Practitioners","publisher":{"@id":"https:\/\/cms.soundme.app\/#organization"},"potentialAction":[{"@type":"SearchAction","target":{"@type":"EntryPoint","urlTemplate":"https:\/\/cms.soundme.app\/?s={search_term_string}"},"query-input":{"@type":"PropertyValueSpecification","valueRequired":true,"valueName":"search_term_string"}}],"inLanguage":"fr-FR"},{"@type":"Organization","@id":"https:\/\/cms.soundme.app\/#organization","name":"The International Institute for Justice and the Rule of Law","url":"https:\/\/cms.soundme.app\/","logo":{"@type":"ImageObject","inLanguage":"fr-FR","@id":"https:\/\/cms.soundme.app\/#\/schema\/logo\/image\/","url":"https:\/\/theiij.org\/wp-content\/uploads\/2024\/06\/IIJ-Logo.svg","contentUrl":"https:\/\/theiij.org\/wp-content\/uploads\/2024\/06\/IIJ-Logo.svg","caption":"The International Institute for Justice and the Rule of Law"},"image":{"@id":"https:\/\/cms.soundme.app\/#\/schema\/logo\/image\/"}}]}},"_links":{"self":[{"href":"https:\/\/theiij.org\/fr\/wp-json\/wp\/v2\/pages\/6215","targetHints":{"allow":["GET"]}}],"collection":[{"href":"https:\/\/theiij.org\/fr\/wp-json\/wp\/v2\/pages"}],"about":[{"href":"https:\/\/theiij.org\/fr\/wp-json\/wp\/v2\/types\/page"}],"author":[{"embeddable":true,"href":"https:\/\/theiij.org\/fr\/wp-json\/wp\/v2\/users\/184"}],"replies":[{"embeddable":true,"href":"https:\/\/theiij.org\/fr\/wp-json\/wp\/v2\/comments?post=6215"}],"version-history":[{"count":0,"href":"https:\/\/theiij.org\/fr\/wp-json\/wp\/v2\/pages\/6215\/revisions"}],"wp:attachment":[{"href":"https:\/\/theiij.org\/fr\/wp-json\/wp\/v2\/media?parent=6215"}],"curies":[{"name":"wp","href":"https:\/\/api.w.org\/{rel}","templated":true}]}}