{"id":6229,"date":"2021-09-22T02:14:56","date_gmt":"2021-09-22T02:14:56","guid":{"rendered":"https:\/\/iij.fifthtribe.com\/remve-initiative\/"},"modified":"2021-11-10T11:31:56","modified_gmt":"2021-11-10T11:31:56","slug":"remve-initiative","status":"publish","type":"page","link":"https:\/\/theiij.org\/fr\/remve-initiative\/","title":{"rendered":"Extr\u00e9misme violent \u00e0 caract\u00e8re racial ou ethnique (REMVE)"},"content":{"rendered":"\n<p>Le nombre croissant de cas d\u2019extr\u00e9misme violent \u00e0motivation raciale ou ethnique (REMVE) dans le monde constitue une menace dangereuse et de plus en plus transnationale. Les acteurs de la justice p\u00e9nale jouent un r\u00f4le essentiel dans la lutte contre cette menace. Les responsabilit\u00e9s des praticiens de la justice p\u00e9nale dans ce domaine sont vastes et\u00e9tendues, qu\u2019il s\u2019agisse d\u2019identifier, d\u2019enqu\u00eater, de perturber et de poursuivre les cellules, les r\u00e9seaux et les acteurs isol\u00e9s d\u2019extr\u00e9misme violent \u00e0motivation raciale ou ethnique (REMVE), d\u2019incarc\u00e9rer les d\u00e9linquants et de d\u00e9velopper les services de pr\u00e9paration au proc\u00e8s, ou encore de proposer des programmes de r\u00e9insertion en prison et un suivi apr\u00e8s la lib\u00e9ration.<\/p>\n","protected":false},"excerpt":{"rendered":"<p>Le nombre croissant de cas d\u2019extr\u00e9misme violent \u00e0motivation raciale ou ethnique (REMVE) dans le monde constitue une menace dangereuse et de plus en plus transnationale. Les acteurs de la justice p\u00e9nale jouent un r\u00f4le essentiel dans&#8230;<\/p>\n","protected":false},"author":184,"featured_media":0,"parent":0,"menu_order":0,"comment_status":"closed","ping_status":"closed","template":"templates\/page-builder.php","meta":{"_acf_changed":false,"footnotes":""},"class_list":["post-6229","page","type-page","status-publish","hentry"],"acf":[],"yoast_head":"<!-- This site is optimized with the Yoast SEO plugin v26.5 - https:\/\/yoast.com\/wordpress\/plugins\/seo\/ -->\n<title>Extr\u00e9misme violent \u00e0 caract\u00e8re racial ou ethnique (REMVE) - L&#039;Institut International pour La Justice et l&#039;Etat de Droit<\/title>\n<meta name=\"robots\" content=\"index, follow, max-snippet:-1, max-image-preview:large, max-video-preview:-1\" \/>\n<link rel=\"canonical\" href=\"https:\/\/www.soundme.app\/fr\/remve-initiative\/\" \/>\n<meta property=\"og:locale\" content=\"fr_FR\" \/>\n<meta property=\"og:type\" content=\"article\" \/>\n<meta property=\"og:title\" content=\"Extr\u00e9misme violent \u00e0 caract\u00e8re racial ou ethnique (REMVE) - L&#039;Institut International pour La Justice et l&#039;Etat de Droit\" \/>\n<meta property=\"og:description\" content=\"Le nombre croissant de cas d\u2019extr\u00e9misme violent \u00e0motivation raciale ou ethnique (REMVE) dans le monde constitue une menace dangereuse et de plus en plus transnationale. Les acteurs de la justice p\u00e9nale jouent un r\u00f4le essentiel dans...\" \/>\n<meta property=\"og:url\" content=\"https:\/\/www.soundme.app\/fr\/remve-initiative\/\" \/>\n<meta property=\"og:site_name\" content=\"L&#039;Institut International pour La Justice et l&#039;Etat de Droit\" \/>\n<meta property=\"article:modified_time\" content=\"2021-11-10T11:31:56+00:00\" \/>\n<meta name=\"twitter:card\" content=\"summary_large_image\" \/>\n<meta name=\"twitter:label1\" content=\"Dur\u00e9e de lecture estim\u00e9e\" \/>\n\t<meta name=\"twitter:data1\" content=\"1 minute\" \/>\n<script type=\"application\/ld+json\" class=\"yoast-schema-graph\">{\"@context\":\"https:\/\/schema.org\",\"@graph\":[{\"@type\":\"WebPage\",\"@id\":\"https:\/\/www.soundme.app\/fr\/remve-initiative\/\",\"url\":\"https:\/\/www.soundme.app\/fr\/remve-initiative\/\",\"name\":\"Extr\u00e9misme violent \u00e0 caract\u00e8re racial ou ethnique (REMVE) - L&#039;Institut International pour La Justice et l&#039;Etat de Droit\",\"isPartOf\":{\"@id\":\"https:\/\/cms.soundme.app\/#website\"},\"datePublished\":\"2021-09-22T02:14:56+00:00\",\"dateModified\":\"2021-11-10T11:31:56+00:00\",\"breadcrumb\":{\"@id\":\"https:\/\/www.soundme.app\/fr\/remve-initiative\/#breadcrumb\"},\"inLanguage\":\"fr-FR\",\"potentialAction\":[{\"@type\":\"ReadAction\",\"target\":[\"https:\/\/www.soundme.app\/fr\/remve-initiative\/\"]}]},{\"@type\":\"BreadcrumbList\",\"@id\":\"https:\/\/www.soundme.app\/fr\/remve-initiative\/#breadcrumb\",\"itemListElement\":[{\"@type\":\"ListItem\",\"position\":1,\"name\":\"Home\",\"item\":\"https:\/\/theiij.org\/fr\/\"},{\"@type\":\"ListItem\",\"position\":2,\"name\":\"Extr\u00e9misme violent \u00e0 caract\u00e8re racial ou ethnique (REMVE)\"}]},{\"@type\":\"WebSite\",\"@id\":\"https:\/\/cms.soundme.app\/#website\",\"url\":\"https:\/\/cms.soundme.app\/\",\"name\":\"The International Institute for Justice and the Rule of Law\",\"description\":\"Building the Capacity of Criminal Justice Practitioners\",\"publisher\":{\"@id\":\"https:\/\/cms.soundme.app\/#organization\"},\"potentialAction\":[{\"@type\":\"SearchAction\",\"target\":{\"@type\":\"EntryPoint\",\"urlTemplate\":\"https:\/\/cms.soundme.app\/?s={search_term_string}\"},\"query-input\":{\"@type\":\"PropertyValueSpecification\",\"valueRequired\":true,\"valueName\":\"search_term_string\"}}],\"inLanguage\":\"fr-FR\"},{\"@type\":\"Organization\",\"@id\":\"https:\/\/cms.soundme.app\/#organization\",\"name\":\"The International Institute for Justice and the Rule of Law\",\"url\":\"https:\/\/cms.soundme.app\/\",\"logo\":{\"@type\":\"ImageObject\",\"inLanguage\":\"fr-FR\",\"@id\":\"https:\/\/cms.soundme.app\/#\/schema\/logo\/image\/\",\"url\":\"https:\/\/theiij.org\/wp-content\/uploads\/2024\/06\/IIJ-Logo.svg\",\"contentUrl\":\"https:\/\/theiij.org\/wp-content\/uploads\/2024\/06\/IIJ-Logo.svg\",\"caption\":\"The International Institute for Justice and the Rule of Law\"},\"image\":{\"@id\":\"https:\/\/cms.soundme.app\/#\/schema\/logo\/image\/\"}}]}<\/script>\n<!-- \/ Yoast SEO plugin. -->","yoast_head_json":{"title":"Extr\u00e9misme violent \u00e0 caract\u00e8re racial ou ethnique (REMVE) - L&#039;Institut International pour La Justice et l&#039;Etat de Droit","robots":{"index":"index","follow":"follow","max-snippet":"max-snippet:-1","max-image-preview":"max-image-preview:large","max-video-preview":"max-video-preview:-1"},"canonical":"https:\/\/www.soundme.app\/fr\/remve-initiative\/","og_locale":"fr_FR","og_type":"article","og_title":"Extr\u00e9misme violent \u00e0 caract\u00e8re racial ou ethnique (REMVE) - L&#039;Institut International pour La Justice et l&#039;Etat de Droit","og_description":"Le nombre croissant de cas d\u2019extr\u00e9misme violent \u00e0motivation raciale ou ethnique (REMVE) dans le monde constitue une menace dangereuse et de plus en plus transnationale. Les acteurs de la justice p\u00e9nale jouent un r\u00f4le essentiel dans...","og_url":"https:\/\/www.soundme.app\/fr\/remve-initiative\/","og_site_name":"L&#039;Institut International pour La Justice et l&#039;Etat de Droit","article_modified_time":"2021-11-10T11:31:56+00:00","twitter_card":"summary_large_image","twitter_misc":{"Dur\u00e9e de lecture estim\u00e9e":"1 minute"},"schema":{"@context":"https:\/\/schema.org","@graph":[{"@type":"WebPage","@id":"https:\/\/www.soundme.app\/fr\/remve-initiative\/","url":"https:\/\/www.soundme.app\/fr\/remve-initiative\/","name":"Extr\u00e9misme violent \u00e0 caract\u00e8re racial ou ethnique (REMVE) - L&#039;Institut International pour La Justice et l&#039;Etat de Droit","isPartOf":{"@id":"https:\/\/cms.soundme.app\/#website"},"datePublished":"2021-09-22T02:14:56+00:00","dateModified":"2021-11-10T11:31:56+00:00","breadcrumb":{"@id":"https:\/\/www.soundme.app\/fr\/remve-initiative\/#breadcrumb"},"inLanguage":"fr-FR","potentialAction":[{"@type":"ReadAction","target":["https:\/\/www.soundme.app\/fr\/remve-initiative\/"]}]},{"@type":"BreadcrumbList","@id":"https:\/\/www.soundme.app\/fr\/remve-initiative\/#breadcrumb","itemListElement":[{"@type":"ListItem","position":1,"name":"Home","item":"https:\/\/theiij.org\/fr\/"},{"@type":"ListItem","position":2,"name":"Extr\u00e9misme violent \u00e0 caract\u00e8re racial ou ethnique (REMVE)"}]},{"@type":"WebSite","@id":"https:\/\/cms.soundme.app\/#website","url":"https:\/\/cms.soundme.app\/","name":"The International Institute for Justice and the Rule of Law","description":"Building the Capacity of Criminal Justice Practitioners","publisher":{"@id":"https:\/\/cms.soundme.app\/#organization"},"potentialAction":[{"@type":"SearchAction","target":{"@type":"EntryPoint","urlTemplate":"https:\/\/cms.soundme.app\/?s={search_term_string}"},"query-input":{"@type":"PropertyValueSpecification","valueRequired":true,"valueName":"search_term_string"}}],"inLanguage":"fr-FR"},{"@type":"Organization","@id":"https:\/\/cms.soundme.app\/#organization","name":"The International Institute for Justice and the Rule of Law","url":"https:\/\/cms.soundme.app\/","logo":{"@type":"ImageObject","inLanguage":"fr-FR","@id":"https:\/\/cms.soundme.app\/#\/schema\/logo\/image\/","url":"https:\/\/theiij.org\/wp-content\/uploads\/2024\/06\/IIJ-Logo.svg","contentUrl":"https:\/\/theiij.org\/wp-content\/uploads\/2024\/06\/IIJ-Logo.svg","caption":"The International Institute for Justice and the Rule of Law"},"image":{"@id":"https:\/\/cms.soundme.app\/#\/schema\/logo\/image\/"}}]}},"_links":{"self":[{"href":"https:\/\/theiij.org\/fr\/wp-json\/wp\/v2\/pages\/6229","targetHints":{"allow":["GET"]}}],"collection":[{"href":"https:\/\/theiij.org\/fr\/wp-json\/wp\/v2\/pages"}],"about":[{"href":"https:\/\/theiij.org\/fr\/wp-json\/wp\/v2\/types\/page"}],"author":[{"embeddable":true,"href":"https:\/\/theiij.org\/fr\/wp-json\/wp\/v2\/users\/184"}],"replies":[{"embeddable":true,"href":"https:\/\/theiij.org\/fr\/wp-json\/wp\/v2\/comments?post=6229"}],"version-history":[{"count":0,"href":"https:\/\/theiij.org\/fr\/wp-json\/wp\/v2\/pages\/6229\/revisions"}],"wp:attachment":[{"href":"https:\/\/theiij.org\/fr\/wp-json\/wp\/v2\/media?parent=6229"}],"curies":[{"name":"wp","href":"https:\/\/api.w.org\/{rel}","templated":true}]}}