{"id":6329,"date":"2021-09-17T09:04:38","date_gmt":"2021-09-17T09:04:38","guid":{"rendered":"https:\/\/iij.fifthtribe.com\/academic-unit\/"},"modified":"2023-05-15T14:10:15","modified_gmt":"2023-05-15T12:10:15","slug":"academic-unit","status":"publish","type":"page","link":"https:\/\/theiij.org\/fr\/academic-unit\/","title":{"rendered":"L\u2019Unit\u00e9 acad\u00e9mique"},"content":{"rendered":"\n<p>L\u2019unit\u00e9 acad\u00e9mique offre des cours fondamentaux de plus longue dur\u00e9e aux praticiens de la justice p\u00e9nale de niveau interm\u00e9diaire pour leur permettre d\u2019am\u00e9liorer leur compr\u00e9hension et leurs comp\u00e9tences en mati\u00e8re de lutte contre le terrorisme dans le cadre de la conformit\u00e9\u00e0la r\u00e8gle de droit.<\/p>\n","protected":false},"excerpt":{"rendered":"<p>L\u2019unit\u00e9 acad\u00e9mique offre des cours fondamentaux de plus longue dur\u00e9e aux praticiens de la justice p\u00e9nale de niveau interm\u00e9diaire pour leur permettre d\u2019am\u00e9liorer leur compr\u00e9hension et leurs comp\u00e9tences en mati\u00e8re de lutte contre le terrorisme dans&#8230;<\/p>\n","protected":false},"author":184,"featured_media":8877,"parent":0,"menu_order":0,"comment_status":"closed","ping_status":"closed","template":"templates\/page-builder.php","meta":{"_acf_changed":false,"footnotes":""},"class_list":["post-6329","page","type-page","status-publish","has-post-thumbnail","hentry"],"acf":[],"yoast_head":"<!-- This site is optimized with the Yoast SEO plugin v26.5 - https:\/\/yoast.com\/wordpress\/plugins\/seo\/ -->\n<title>L\u2019Unit\u00e9 acad\u00e9mique - L&#039;Institut International pour La Justice et l&#039;Etat de Droit<\/title>\n<meta name=\"robots\" content=\"index, follow, max-snippet:-1, max-image-preview:large, max-video-preview:-1\" \/>\n<link rel=\"canonical\" href=\"https:\/\/soundme.app\/fr\/academic-unit\/\" \/>\n<meta property=\"og:locale\" content=\"fr_FR\" \/>\n<meta property=\"og:type\" content=\"article\" \/>\n<meta property=\"og:title\" content=\"L\u2019Unit\u00e9 acad\u00e9mique - L&#039;Institut International pour La Justice et l&#039;Etat de Droit\" \/>\n<meta property=\"og:description\" content=\"L\u2019unit\u00e9 acad\u00e9mique offre des cours fondamentaux de plus longue dur\u00e9e aux praticiens de la justice p\u00e9nale de niveau interm\u00e9diaire pour leur permettre d\u2019am\u00e9liorer leur compr\u00e9hension et leurs comp\u00e9tences en mati\u00e8re de lutte contre le terrorisme dans...\" \/>\n<meta property=\"og:url\" content=\"https:\/\/soundme.app\/fr\/academic-unit\/\" \/>\n<meta property=\"og:site_name\" content=\"L&#039;Institut International pour La Justice et l&#039;Etat de Droit\" \/>\n<meta property=\"article:modified_time\" content=\"2023-05-15T12:10:15+00:00\" \/>\n<meta property=\"og:image\" content=\"https:\/\/soundme.app\/wp-content\/uploads\/2021\/10\/Screenshot-2021-08-24-at-15.30.jpg\" \/>\n\t<meta property=\"og:image:width\" content=\"888\" \/>\n\t<meta property=\"og:image:height\" content=\"821\" \/>\n\t<meta property=\"og:image:type\" content=\"image\/jpeg\" \/>\n<meta name=\"twitter:card\" content=\"summary_large_image\" \/>\n<meta name=\"twitter:label1\" content=\"Dur\u00e9e de lecture estim\u00e9e\" \/>\n\t<meta name=\"twitter:data1\" content=\"1 minute\" \/>\n<script type=\"application\/ld+json\" class=\"yoast-schema-graph\">{\"@context\":\"https:\/\/schema.org\",\"@graph\":[{\"@type\":\"WebPage\",\"@id\":\"https:\/\/soundme.app\/fr\/academic-unit\/\",\"url\":\"https:\/\/soundme.app\/fr\/academic-unit\/\",\"name\":\"L\u2019Unit\u00e9 acad\u00e9mique - L&#039;Institut International pour La Justice et l&#039;Etat de Droit\",\"isPartOf\":{\"@id\":\"https:\/\/cms.soundme.app\/#website\"},\"primaryImageOfPage\":{\"@id\":\"https:\/\/soundme.app\/fr\/academic-unit\/#primaryimage\"},\"image\":{\"@id\":\"https:\/\/soundme.app\/fr\/academic-unit\/#primaryimage\"},\"thumbnailUrl\":\"https:\/\/theiij.org\/wp-content\/uploads\/2021\/10\/Screenshot-2021-08-24-at-15.30.jpg\",\"datePublished\":\"2021-09-17T09:04:38+00:00\",\"dateModified\":\"2023-05-15T12:10:15+00:00\",\"breadcrumb\":{\"@id\":\"https:\/\/soundme.app\/fr\/academic-unit\/#breadcrumb\"},\"inLanguage\":\"fr-FR\",\"potentialAction\":[{\"@type\":\"ReadAction\",\"target\":[\"https:\/\/soundme.app\/fr\/academic-unit\/\"]}]},{\"@type\":\"ImageObject\",\"inLanguage\":\"fr-FR\",\"@id\":\"https:\/\/soundme.app\/fr\/academic-unit\/#primaryimage\",\"url\":\"https:\/\/theiij.org\/wp-content\/uploads\/2021\/10\/Screenshot-2021-08-24-at-15.30.jpg\",\"contentUrl\":\"https:\/\/theiij.org\/wp-content\/uploads\/2021\/10\/Screenshot-2021-08-24-at-15.30.jpg\",\"width\":888,\"height\":821},{\"@type\":\"BreadcrumbList\",\"@id\":\"https:\/\/soundme.app\/fr\/academic-unit\/#breadcrumb\",\"itemListElement\":[{\"@type\":\"ListItem\",\"position\":1,\"name\":\"Home\",\"item\":\"https:\/\/theiij.org\/fr\/\"},{\"@type\":\"ListItem\",\"position\":2,\"name\":\"L\u2019Unit\u00e9 acad\u00e9mique\"}]},{\"@type\":\"WebSite\",\"@id\":\"https:\/\/cms.soundme.app\/#website\",\"url\":\"https:\/\/cms.soundme.app\/\",\"name\":\"The International Institute for Justice and the Rule of Law\",\"description\":\"Building the Capacity of Criminal Justice Practitioners\",\"publisher\":{\"@id\":\"https:\/\/cms.soundme.app\/#organization\"},\"potentialAction\":[{\"@type\":\"SearchAction\",\"target\":{\"@type\":\"EntryPoint\",\"urlTemplate\":\"https:\/\/cms.soundme.app\/?s={search_term_string}\"},\"query-input\":{\"@type\":\"PropertyValueSpecification\",\"valueRequired\":true,\"valueName\":\"search_term_string\"}}],\"inLanguage\":\"fr-FR\"},{\"@type\":\"Organization\",\"@id\":\"https:\/\/cms.soundme.app\/#organization\",\"name\":\"The International Institute for Justice and the Rule of Law\",\"url\":\"https:\/\/cms.soundme.app\/\",\"logo\":{\"@type\":\"ImageObject\",\"inLanguage\":\"fr-FR\",\"@id\":\"https:\/\/cms.soundme.app\/#\/schema\/logo\/image\/\",\"url\":\"https:\/\/theiij.org\/wp-content\/uploads\/2024\/06\/IIJ-Logo.svg\",\"contentUrl\":\"https:\/\/theiij.org\/wp-content\/uploads\/2024\/06\/IIJ-Logo.svg\",\"caption\":\"The International Institute for Justice and the Rule of Law\"},\"image\":{\"@id\":\"https:\/\/cms.soundme.app\/#\/schema\/logo\/image\/\"}}]}<\/script>\n<!-- \/ Yoast SEO plugin. -->","yoast_head_json":{"title":"L\u2019Unit\u00e9 acad\u00e9mique - L&#039;Institut International pour La Justice et l&#039;Etat de Droit","robots":{"index":"index","follow":"follow","max-snippet":"max-snippet:-1","max-image-preview":"max-image-preview:large","max-video-preview":"max-video-preview:-1"},"canonical":"https:\/\/soundme.app\/fr\/academic-unit\/","og_locale":"fr_FR","og_type":"article","og_title":"L\u2019Unit\u00e9 acad\u00e9mique - L&#039;Institut International pour La Justice et l&#039;Etat de Droit","og_description":"L\u2019unit\u00e9 acad\u00e9mique offre des cours fondamentaux de plus longue dur\u00e9e aux praticiens de la justice p\u00e9nale de niveau interm\u00e9diaire pour leur permettre d\u2019am\u00e9liorer leur compr\u00e9hension et leurs comp\u00e9tences en mati\u00e8re de lutte contre le terrorisme dans...","og_url":"https:\/\/soundme.app\/fr\/academic-unit\/","og_site_name":"L&#039;Institut International pour La Justice et l&#039;Etat de Droit","article_modified_time":"2023-05-15T12:10:15+00:00","og_image":[{"width":888,"height":821,"url":"https:\/\/soundme.app\/wp-content\/uploads\/2021\/10\/Screenshot-2021-08-24-at-15.30.jpg","type":"image\/jpeg"}],"twitter_card":"summary_large_image","twitter_misc":{"Dur\u00e9e de lecture estim\u00e9e":"1 minute"},"schema":{"@context":"https:\/\/schema.org","@graph":[{"@type":"WebPage","@id":"https:\/\/soundme.app\/fr\/academic-unit\/","url":"https:\/\/soundme.app\/fr\/academic-unit\/","name":"L\u2019Unit\u00e9 acad\u00e9mique - L&#039;Institut International pour La Justice et l&#039;Etat de Droit","isPartOf":{"@id":"https:\/\/cms.soundme.app\/#website"},"primaryImageOfPage":{"@id":"https:\/\/soundme.app\/fr\/academic-unit\/#primaryimage"},"image":{"@id":"https:\/\/soundme.app\/fr\/academic-unit\/#primaryimage"},"thumbnailUrl":"https:\/\/theiij.org\/wp-content\/uploads\/2021\/10\/Screenshot-2021-08-24-at-15.30.jpg","datePublished":"2021-09-17T09:04:38+00:00","dateModified":"2023-05-15T12:10:15+00:00","breadcrumb":{"@id":"https:\/\/soundme.app\/fr\/academic-unit\/#breadcrumb"},"inLanguage":"fr-FR","potentialAction":[{"@type":"ReadAction","target":["https:\/\/soundme.app\/fr\/academic-unit\/"]}]},{"@type":"ImageObject","inLanguage":"fr-FR","@id":"https:\/\/soundme.app\/fr\/academic-unit\/#primaryimage","url":"https:\/\/theiij.org\/wp-content\/uploads\/2021\/10\/Screenshot-2021-08-24-at-15.30.jpg","contentUrl":"https:\/\/theiij.org\/wp-content\/uploads\/2021\/10\/Screenshot-2021-08-24-at-15.30.jpg","width":888,"height":821},{"@type":"BreadcrumbList","@id":"https:\/\/soundme.app\/fr\/academic-unit\/#breadcrumb","itemListElement":[{"@type":"ListItem","position":1,"name":"Home","item":"https:\/\/theiij.org\/fr\/"},{"@type":"ListItem","position":2,"name":"L\u2019Unit\u00e9 acad\u00e9mique"}]},{"@type":"WebSite","@id":"https:\/\/cms.soundme.app\/#website","url":"https:\/\/cms.soundme.app\/","name":"The International Institute for Justice and the Rule of Law","description":"Building the Capacity of Criminal Justice Practitioners","publisher":{"@id":"https:\/\/cms.soundme.app\/#organization"},"potentialAction":[{"@type":"SearchAction","target":{"@type":"EntryPoint","urlTemplate":"https:\/\/cms.soundme.app\/?s={search_term_string}"},"query-input":{"@type":"PropertyValueSpecification","valueRequired":true,"valueName":"search_term_string"}}],"inLanguage":"fr-FR"},{"@type":"Organization","@id":"https:\/\/cms.soundme.app\/#organization","name":"The International Institute for Justice and the Rule of Law","url":"https:\/\/cms.soundme.app\/","logo":{"@type":"ImageObject","inLanguage":"fr-FR","@id":"https:\/\/cms.soundme.app\/#\/schema\/logo\/image\/","url":"https:\/\/theiij.org\/wp-content\/uploads\/2024\/06\/IIJ-Logo.svg","contentUrl":"https:\/\/theiij.org\/wp-content\/uploads\/2024\/06\/IIJ-Logo.svg","caption":"The International Institute for Justice and the Rule of Law"},"image":{"@id":"https:\/\/cms.soundme.app\/#\/schema\/logo\/image\/"}}]}},"_links":{"self":[{"href":"https:\/\/theiij.org\/fr\/wp-json\/wp\/v2\/pages\/6329","targetHints":{"allow":["GET"]}}],"collection":[{"href":"https:\/\/theiij.org\/fr\/wp-json\/wp\/v2\/pages"}],"about":[{"href":"https:\/\/theiij.org\/fr\/wp-json\/wp\/v2\/types\/page"}],"author":[{"embeddable":true,"href":"https:\/\/theiij.org\/fr\/wp-json\/wp\/v2\/users\/184"}],"replies":[{"embeddable":true,"href":"https:\/\/theiij.org\/fr\/wp-json\/wp\/v2\/comments?post=6329"}],"version-history":[{"count":0,"href":"https:\/\/theiij.org\/fr\/wp-json\/wp\/v2\/pages\/6329\/revisions"}],"wp:featuredmedia":[{"embeddable":true,"href":"https:\/\/theiij.org\/fr\/wp-json\/wp\/v2\/media\/8877"}],"wp:attachment":[{"href":"https:\/\/theiij.org\/fr\/wp-json\/wp\/v2\/media?parent=6329"}],"curies":[{"name":"wp","href":"https:\/\/api.w.org\/{rel}","templated":true}]}}