{"id":6341,"date":"2021-09-02T15:43:44","date_gmt":"2021-09-02T15:43:44","guid":{"rendered":"https:\/\/iij.fifthtribe.com\/ectac\/"},"modified":"2026-01-05T11:02:12","modified_gmt":"2026-01-05T10:02:12","slug":"ectac","status":"publish","type":"page","link":"https:\/\/theiij.org\/fr\/ectac\/","title":{"rendered":"eCTAC"},"content":{"rendered":"\n<p>Le programme acad\u00e9mique en ligne de l\u2019IIJ portant sur la lutte contre le terrorisme &#8211; ou eCTAC &#8211; est un programme novateur en ligne con\u00e7u pour les enqu\u00eateurs, les procureurs et les juges d\u2019instruction. Con\u00e7u et offert par l\u2019unit\u00e9 acad\u00e9mique, l\u2019eCTAC renforce les capacit\u00e9s essentielles des praticiens en mati\u00e8re d\u2019enqu\u00eates et de poursuites proactives dans les affaires de terrorisme et \u00e9largit les connaissances des praticiens en mati\u00e8re de collecte de preuves pour perturber les activit\u00e9s terroristes. Les autres sujets abord\u00e9s par l\u2019eCTAC comprennent l\u2019utilisation l\u00e9gale et proportionn\u00e9e de techniques d\u2019enqu\u00eate sp\u00e9ciales, une coordination inter-agences efficace et une coop\u00e9ration internationale efficace. Tous ces \u00e9l\u00e9ments sont essentiels pour des enqu\u00eates et des poursuites en mati\u00e8re de terrorisme conformes \u00e0 la r\u00e8gle de droit.<\/p>\n","protected":false},"excerpt":{"rendered":"<p>Le programme acad\u00e9mique en ligne de l\u2019IIJ portant sur la lutte contre le terrorisme &#8211; ou eCTAC &#8211; est un programme novateur en ligne con\u00e7u pour les enqu\u00eateurs, les procureurs et les juges d\u2019instruction. Con\u00e7u et&#8230;<\/p>\n","protected":false},"author":184,"featured_media":0,"parent":0,"menu_order":0,"comment_status":"closed","ping_status":"closed","template":"templates\/page-builder.php","meta":{"_acf_changed":false,"footnotes":""},"class_list":["post-6341","page","type-page","status-publish","hentry"],"acf":[],"yoast_head":"<!-- This site is optimized with the Yoast SEO plugin v26.5 - https:\/\/yoast.com\/wordpress\/plugins\/seo\/ -->\n<title>eCTAC - L&#039;Institut International pour La Justice et l&#039;Etat de Droit<\/title>\n<meta name=\"robots\" content=\"index, follow, max-snippet:-1, max-image-preview:large, max-video-preview:-1\" \/>\n<link rel=\"canonical\" href=\"https:\/\/theiij.org\/fr\/ectac\/\" \/>\n<meta property=\"og:locale\" content=\"fr_FR\" \/>\n<meta property=\"og:type\" content=\"article\" \/>\n<meta property=\"og:title\" content=\"eCTAC - L&#039;Institut International pour La Justice et l&#039;Etat de Droit\" \/>\n<meta property=\"og:description\" content=\"Le programme acad\u00e9mique en ligne de l\u2019IIJ portant sur la lutte contre le terrorisme &#8211; ou eCTAC &#8211; est un programme novateur en ligne con\u00e7u pour les enqu\u00eateurs, les procureurs et les juges d\u2019instruction. Con\u00e7u et...\" \/>\n<meta property=\"og:url\" content=\"https:\/\/theiij.org\/fr\/ectac\/\" \/>\n<meta property=\"og:site_name\" content=\"L&#039;Institut International pour La Justice et l&#039;Etat de Droit\" \/>\n<meta property=\"article:modified_time\" content=\"2026-01-05T10:02:12+00:00\" \/>\n<meta name=\"twitter:card\" content=\"summary_large_image\" \/>\n<meta name=\"twitter:label1\" content=\"Dur\u00e9e de lecture estim\u00e9e\" \/>\n\t<meta name=\"twitter:data1\" content=\"1 minute\" \/>\n<script type=\"application\/ld+json\" class=\"yoast-schema-graph\">{\"@context\":\"https:\/\/schema.org\",\"@graph\":[{\"@type\":\"WebPage\",\"@id\":\"https:\/\/theiij.org\/fr\/ectac\/\",\"url\":\"https:\/\/theiij.org\/fr\/ectac\/\",\"name\":\"eCTAC - L&#039;Institut International pour La Justice et l&#039;Etat de Droit\",\"isPartOf\":{\"@id\":\"https:\/\/cms.soundme.app\/#website\"},\"datePublished\":\"2021-09-02T15:43:44+00:00\",\"dateModified\":\"2026-01-05T10:02:12+00:00\",\"breadcrumb\":{\"@id\":\"https:\/\/theiij.org\/fr\/ectac\/#breadcrumb\"},\"inLanguage\":\"fr-FR\",\"potentialAction\":[{\"@type\":\"ReadAction\",\"target\":[\"https:\/\/theiij.org\/fr\/ectac\/\"]}]},{\"@type\":\"BreadcrumbList\",\"@id\":\"https:\/\/theiij.org\/fr\/ectac\/#breadcrumb\",\"itemListElement\":[{\"@type\":\"ListItem\",\"position\":1,\"name\":\"Home\",\"item\":\"https:\/\/theiij.org\/fr\/\"},{\"@type\":\"ListItem\",\"position\":2,\"name\":\"eCTAC\"}]},{\"@type\":\"WebSite\",\"@id\":\"https:\/\/cms.soundme.app\/#website\",\"url\":\"https:\/\/cms.soundme.app\/\",\"name\":\"The International Institute for Justice and the Rule of Law\",\"description\":\"Building the Capacity of Criminal Justice Practitioners\",\"publisher\":{\"@id\":\"https:\/\/cms.soundme.app\/#organization\"},\"potentialAction\":[{\"@type\":\"SearchAction\",\"target\":{\"@type\":\"EntryPoint\",\"urlTemplate\":\"https:\/\/cms.soundme.app\/?s={search_term_string}\"},\"query-input\":{\"@type\":\"PropertyValueSpecification\",\"valueRequired\":true,\"valueName\":\"search_term_string\"}}],\"inLanguage\":\"fr-FR\"},{\"@type\":\"Organization\",\"@id\":\"https:\/\/cms.soundme.app\/#organization\",\"name\":\"The International Institute for Justice and the Rule of Law\",\"url\":\"https:\/\/cms.soundme.app\/\",\"logo\":{\"@type\":\"ImageObject\",\"inLanguage\":\"fr-FR\",\"@id\":\"https:\/\/cms.soundme.app\/#\/schema\/logo\/image\/\",\"url\":\"https:\/\/theiij.org\/wp-content\/uploads\/2024\/06\/IIJ-Logo.svg\",\"contentUrl\":\"https:\/\/theiij.org\/wp-content\/uploads\/2024\/06\/IIJ-Logo.svg\",\"caption\":\"The International Institute for Justice and the Rule of Law\"},\"image\":{\"@id\":\"https:\/\/cms.soundme.app\/#\/schema\/logo\/image\/\"}}]}<\/script>\n<!-- \/ Yoast SEO plugin. -->","yoast_head_json":{"title":"eCTAC - L&#039;Institut International pour La Justice et l&#039;Etat de Droit","robots":{"index":"index","follow":"follow","max-snippet":"max-snippet:-1","max-image-preview":"max-image-preview:large","max-video-preview":"max-video-preview:-1"},"canonical":"https:\/\/theiij.org\/fr\/ectac\/","og_locale":"fr_FR","og_type":"article","og_title":"eCTAC - L&#039;Institut International pour La Justice et l&#039;Etat de Droit","og_description":"Le programme acad\u00e9mique en ligne de l\u2019IIJ portant sur la lutte contre le terrorisme &#8211; ou eCTAC &#8211; est un programme novateur en ligne con\u00e7u pour les enqu\u00eateurs, les procureurs et les juges d\u2019instruction. Con\u00e7u et...","og_url":"https:\/\/theiij.org\/fr\/ectac\/","og_site_name":"L&#039;Institut International pour La Justice et l&#039;Etat de Droit","article_modified_time":"2026-01-05T10:02:12+00:00","twitter_card":"summary_large_image","twitter_misc":{"Dur\u00e9e de lecture estim\u00e9e":"1 minute"},"schema":{"@context":"https:\/\/schema.org","@graph":[{"@type":"WebPage","@id":"https:\/\/theiij.org\/fr\/ectac\/","url":"https:\/\/theiij.org\/fr\/ectac\/","name":"eCTAC - L&#039;Institut International pour La Justice et l&#039;Etat de Droit","isPartOf":{"@id":"https:\/\/cms.soundme.app\/#website"},"datePublished":"2021-09-02T15:43:44+00:00","dateModified":"2026-01-05T10:02:12+00:00","breadcrumb":{"@id":"https:\/\/theiij.org\/fr\/ectac\/#breadcrumb"},"inLanguage":"fr-FR","potentialAction":[{"@type":"ReadAction","target":["https:\/\/theiij.org\/fr\/ectac\/"]}]},{"@type":"BreadcrumbList","@id":"https:\/\/theiij.org\/fr\/ectac\/#breadcrumb","itemListElement":[{"@type":"ListItem","position":1,"name":"Home","item":"https:\/\/theiij.org\/fr\/"},{"@type":"ListItem","position":2,"name":"eCTAC"}]},{"@type":"WebSite","@id":"https:\/\/cms.soundme.app\/#website","url":"https:\/\/cms.soundme.app\/","name":"The International Institute for Justice and the Rule of Law","description":"Building the Capacity of Criminal Justice Practitioners","publisher":{"@id":"https:\/\/cms.soundme.app\/#organization"},"potentialAction":[{"@type":"SearchAction","target":{"@type":"EntryPoint","urlTemplate":"https:\/\/cms.soundme.app\/?s={search_term_string}"},"query-input":{"@type":"PropertyValueSpecification","valueRequired":true,"valueName":"search_term_string"}}],"inLanguage":"fr-FR"},{"@type":"Organization","@id":"https:\/\/cms.soundme.app\/#organization","name":"The International Institute for Justice and the Rule of Law","url":"https:\/\/cms.soundme.app\/","logo":{"@type":"ImageObject","inLanguage":"fr-FR","@id":"https:\/\/cms.soundme.app\/#\/schema\/logo\/image\/","url":"https:\/\/theiij.org\/wp-content\/uploads\/2024\/06\/IIJ-Logo.svg","contentUrl":"https:\/\/theiij.org\/wp-content\/uploads\/2024\/06\/IIJ-Logo.svg","caption":"The International Institute for Justice and the Rule of Law"},"image":{"@id":"https:\/\/cms.soundme.app\/#\/schema\/logo\/image\/"}}]}},"_links":{"self":[{"href":"https:\/\/theiij.org\/fr\/wp-json\/wp\/v2\/pages\/6341","targetHints":{"allow":["GET"]}}],"collection":[{"href":"https:\/\/theiij.org\/fr\/wp-json\/wp\/v2\/pages"}],"about":[{"href":"https:\/\/theiij.org\/fr\/wp-json\/wp\/v2\/types\/page"}],"author":[{"embeddable":true,"href":"https:\/\/theiij.org\/fr\/wp-json\/wp\/v2\/users\/184"}],"replies":[{"embeddable":true,"href":"https:\/\/theiij.org\/fr\/wp-json\/wp\/v2\/comments?post=6341"}],"version-history":[{"count":3,"href":"https:\/\/theiij.org\/fr\/wp-json\/wp\/v2\/pages\/6341\/revisions"}],"predecessor-version":[{"id":16487,"href":"https:\/\/theiij.org\/fr\/wp-json\/wp\/v2\/pages\/6341\/revisions\/16487"}],"wp:attachment":[{"href":"https:\/\/theiij.org\/fr\/wp-json\/wp\/v2\/media?parent=6341"}],"curies":[{"name":"wp","href":"https:\/\/api.w.org\/{rel}","templated":true}]}}