{"id":6345,"date":"2021-09-01T13:45:19","date_gmt":"2021-09-01T13:45:19","guid":{"rendered":"https:\/\/iij.fifthtribe.com\/support-the-iij\/"},"modified":"2026-02-19T15:12:54","modified_gmt":"2026-02-19T14:12:54","slug":"support-the-iij","status":"publish","type":"page","link":"https:\/\/theiij.org\/fr\/support-the-iij\/","title":{"rendered":"Soutenez L&rsquo;IIJ"},"content":{"rendered":"\n<p>L\u2019IIJ dispose de nombreuses propositions de projets pr\u00eates \u00e0 \u00eatre adapt\u00e9es aux priorit\u00e9s de financement des donateurs. Nous accueillons \u00e9galement avec int\u00e9r\u00eat des partenaires dans le cadre de consortiums pour des propositions de projets afin de renforcer l\u2019impact de nos objectifs communs. Les particuliers, les fondations priv\u00e9es, les gouvernements nationaux et les entreprises sont tous encourag\u00e9s \u00e0 soutenir la mission de l\u2019IIJ.<\/p>\n","protected":false},"excerpt":{"rendered":"<p>L\u2019IIJ dispose de nombreuses propositions de projets pr\u00eates \u00e0 \u00eatre adapt\u00e9es aux priorit\u00e9s de financement des donateurs. Nous accueillons \u00e9galement avec int\u00e9r\u00eat des partenaires dans le cadre de consortiums pour des propositions de projets afin de&#8230;<\/p>\n","protected":false},"author":184,"featured_media":0,"parent":0,"menu_order":0,"comment_status":"closed","ping_status":"closed","template":"templates\/page-builder.php","meta":{"_acf_changed":false,"footnotes":""},"class_list":["post-6345","page","type-page","status-publish","hentry"],"acf":[],"yoast_head":"<!-- This site is optimized with the Yoast SEO plugin v26.5 - https:\/\/yoast.com\/wordpress\/plugins\/seo\/ -->\n<title>Soutenez L&#039;IIJ - L&#039;Institut International pour La Justice et l&#039;Etat de Droit<\/title>\n<meta name=\"robots\" content=\"index, follow, max-snippet:-1, max-image-preview:large, max-video-preview:-1\" \/>\n<link rel=\"canonical\" href=\"https:\/\/theiij.org\/fr\/support-the-iij\/\" \/>\n<meta property=\"og:locale\" content=\"fr_FR\" \/>\n<meta property=\"og:type\" content=\"article\" \/>\n<meta property=\"og:title\" content=\"Soutenez L&#039;IIJ - L&#039;Institut International pour La Justice et l&#039;Etat de Droit\" \/>\n<meta property=\"og:description\" content=\"L\u2019IIJ dispose de nombreuses propositions de projets pr\u00eates \u00e0 \u00eatre adapt\u00e9es aux priorit\u00e9s de financement des donateurs. Nous accueillons \u00e9galement avec int\u00e9r\u00eat des partenaires dans le cadre de consortiums pour des propositions de projets afin de...\" \/>\n<meta property=\"og:url\" content=\"https:\/\/theiij.org\/fr\/support-the-iij\/\" \/>\n<meta property=\"og:site_name\" content=\"L&#039;Institut International pour La Justice et l&#039;Etat de Droit\" \/>\n<meta property=\"article:modified_time\" content=\"2026-02-19T14:12:54+00:00\" \/>\n<meta name=\"twitter:card\" content=\"summary_large_image\" \/>\n<meta name=\"twitter:label1\" content=\"Dur\u00e9e de lecture estim\u00e9e\" \/>\n\t<meta name=\"twitter:data1\" content=\"1 minute\" \/>\n<script type=\"application\/ld+json\" class=\"yoast-schema-graph\">{\"@context\":\"https:\/\/schema.org\",\"@graph\":[{\"@type\":\"WebPage\",\"@id\":\"https:\/\/theiij.org\/fr\/support-the-iij\/\",\"url\":\"https:\/\/theiij.org\/fr\/support-the-iij\/\",\"name\":\"Soutenez L'IIJ - L&#039;Institut International pour La Justice et l&#039;Etat de Droit\",\"isPartOf\":{\"@id\":\"https:\/\/cms.soundme.app\/#website\"},\"datePublished\":\"2021-09-01T13:45:19+00:00\",\"dateModified\":\"2026-02-19T14:12:54+00:00\",\"breadcrumb\":{\"@id\":\"https:\/\/theiij.org\/fr\/support-the-iij\/#breadcrumb\"},\"inLanguage\":\"fr-FR\",\"potentialAction\":[{\"@type\":\"ReadAction\",\"target\":[\"https:\/\/theiij.org\/fr\/support-the-iij\/\"]}]},{\"@type\":\"BreadcrumbList\",\"@id\":\"https:\/\/theiij.org\/fr\/support-the-iij\/#breadcrumb\",\"itemListElement\":[{\"@type\":\"ListItem\",\"position\":1,\"name\":\"Home\",\"item\":\"https:\/\/theiij.org\/fr\/\"},{\"@type\":\"ListItem\",\"position\":2,\"name\":\"Soutenez L&#8217;IIJ\"}]},{\"@type\":\"WebSite\",\"@id\":\"https:\/\/cms.soundme.app\/#website\",\"url\":\"https:\/\/cms.soundme.app\/\",\"name\":\"The International Institute for Justice and the Rule of Law\",\"description\":\"Building the Capacity of Criminal Justice Practitioners\",\"publisher\":{\"@id\":\"https:\/\/cms.soundme.app\/#organization\"},\"potentialAction\":[{\"@type\":\"SearchAction\",\"target\":{\"@type\":\"EntryPoint\",\"urlTemplate\":\"https:\/\/cms.soundme.app\/?s={search_term_string}\"},\"query-input\":{\"@type\":\"PropertyValueSpecification\",\"valueRequired\":true,\"valueName\":\"search_term_string\"}}],\"inLanguage\":\"fr-FR\"},{\"@type\":\"Organization\",\"@id\":\"https:\/\/cms.soundme.app\/#organization\",\"name\":\"The International Institute for Justice and the Rule of Law\",\"url\":\"https:\/\/cms.soundme.app\/\",\"logo\":{\"@type\":\"ImageObject\",\"inLanguage\":\"fr-FR\",\"@id\":\"https:\/\/cms.soundme.app\/#\/schema\/logo\/image\/\",\"url\":\"https:\/\/theiij.org\/wp-content\/uploads\/2024\/06\/IIJ-Logo.svg\",\"contentUrl\":\"https:\/\/theiij.org\/wp-content\/uploads\/2024\/06\/IIJ-Logo.svg\",\"caption\":\"The International Institute for Justice and the Rule of Law\"},\"image\":{\"@id\":\"https:\/\/cms.soundme.app\/#\/schema\/logo\/image\/\"}}]}<\/script>\n<!-- \/ Yoast SEO plugin. -->","yoast_head_json":{"title":"Soutenez L'IIJ - L&#039;Institut International pour La Justice et l&#039;Etat de Droit","robots":{"index":"index","follow":"follow","max-snippet":"max-snippet:-1","max-image-preview":"max-image-preview:large","max-video-preview":"max-video-preview:-1"},"canonical":"https:\/\/theiij.org\/fr\/support-the-iij\/","og_locale":"fr_FR","og_type":"article","og_title":"Soutenez L'IIJ - L&#039;Institut International pour La Justice et l&#039;Etat de Droit","og_description":"L\u2019IIJ dispose de nombreuses propositions de projets pr\u00eates \u00e0 \u00eatre adapt\u00e9es aux priorit\u00e9s de financement des donateurs. Nous accueillons \u00e9galement avec int\u00e9r\u00eat des partenaires dans le cadre de consortiums pour des propositions de projets afin de...","og_url":"https:\/\/theiij.org\/fr\/support-the-iij\/","og_site_name":"L&#039;Institut International pour La Justice et l&#039;Etat de Droit","article_modified_time":"2026-02-19T14:12:54+00:00","twitter_card":"summary_large_image","twitter_misc":{"Dur\u00e9e de lecture estim\u00e9e":"1 minute"},"schema":{"@context":"https:\/\/schema.org","@graph":[{"@type":"WebPage","@id":"https:\/\/theiij.org\/fr\/support-the-iij\/","url":"https:\/\/theiij.org\/fr\/support-the-iij\/","name":"Soutenez L'IIJ - L&#039;Institut International pour La Justice et l&#039;Etat de Droit","isPartOf":{"@id":"https:\/\/cms.soundme.app\/#website"},"datePublished":"2021-09-01T13:45:19+00:00","dateModified":"2026-02-19T14:12:54+00:00","breadcrumb":{"@id":"https:\/\/theiij.org\/fr\/support-the-iij\/#breadcrumb"},"inLanguage":"fr-FR","potentialAction":[{"@type":"ReadAction","target":["https:\/\/theiij.org\/fr\/support-the-iij\/"]}]},{"@type":"BreadcrumbList","@id":"https:\/\/theiij.org\/fr\/support-the-iij\/#breadcrumb","itemListElement":[{"@type":"ListItem","position":1,"name":"Home","item":"https:\/\/theiij.org\/fr\/"},{"@type":"ListItem","position":2,"name":"Soutenez L&#8217;IIJ"}]},{"@type":"WebSite","@id":"https:\/\/cms.soundme.app\/#website","url":"https:\/\/cms.soundme.app\/","name":"The International Institute for Justice and the Rule of Law","description":"Building the Capacity of Criminal Justice Practitioners","publisher":{"@id":"https:\/\/cms.soundme.app\/#organization"},"potentialAction":[{"@type":"SearchAction","target":{"@type":"EntryPoint","urlTemplate":"https:\/\/cms.soundme.app\/?s={search_term_string}"},"query-input":{"@type":"PropertyValueSpecification","valueRequired":true,"valueName":"search_term_string"}}],"inLanguage":"fr-FR"},{"@type":"Organization","@id":"https:\/\/cms.soundme.app\/#organization","name":"The International Institute for Justice and the Rule of Law","url":"https:\/\/cms.soundme.app\/","logo":{"@type":"ImageObject","inLanguage":"fr-FR","@id":"https:\/\/cms.soundme.app\/#\/schema\/logo\/image\/","url":"https:\/\/theiij.org\/wp-content\/uploads\/2024\/06\/IIJ-Logo.svg","contentUrl":"https:\/\/theiij.org\/wp-content\/uploads\/2024\/06\/IIJ-Logo.svg","caption":"The International Institute for Justice and the Rule of Law"},"image":{"@id":"https:\/\/cms.soundme.app\/#\/schema\/logo\/image\/"}}]}},"_links":{"self":[{"href":"https:\/\/theiij.org\/fr\/wp-json\/wp\/v2\/pages\/6345","targetHints":{"allow":["GET"]}}],"collection":[{"href":"https:\/\/theiij.org\/fr\/wp-json\/wp\/v2\/pages"}],"about":[{"href":"https:\/\/theiij.org\/fr\/wp-json\/wp\/v2\/types\/page"}],"author":[{"embeddable":true,"href":"https:\/\/theiij.org\/fr\/wp-json\/wp\/v2\/users\/184"}],"replies":[{"embeddable":true,"href":"https:\/\/theiij.org\/fr\/wp-json\/wp\/v2\/comments?post=6345"}],"version-history":[{"count":5,"href":"https:\/\/theiij.org\/fr\/wp-json\/wp\/v2\/pages\/6345\/revisions"}],"predecessor-version":[{"id":16565,"href":"https:\/\/theiij.org\/fr\/wp-json\/wp\/v2\/pages\/6345\/revisions\/16565"}],"wp:attachment":[{"href":"https:\/\/theiij.org\/fr\/wp-json\/wp\/v2\/media?parent=6345"}],"curies":[{"name":"wp","href":"https:\/\/api.w.org\/{rel}","templated":true}]}}