{"id":6350,"date":"2021-09-17T07:01:35","date_gmt":"2021-09-17T07:01:35","guid":{"rendered":"https:\/\/iij.fifthtribe.com\/programmatic-unit\/"},"modified":"2022-10-19T14:52:37","modified_gmt":"2022-10-19T12:52:37","slug":"programmatic-unit","status":"publish","type":"page","link":"https:\/\/theiij.org\/fr\/programmatic-unit\/","title":{"rendered":"\u00c0 propos de l&rsquo;unit\u00e9 programmatique"},"content":{"rendered":"\n<p>L\u2019unit\u00e9 programmatique m\u00e8ne la conception et la r\u00e9alisation d\u2019ateliers de renforcement des capacit\u00e9s de courte dur\u00e9e portant sur des menaces et des d\u00e9fis sp\u00e9cifiques et \u00e9mergents dans les domaines de la lutte contre le terrorisme et de la r\u00e8gle de droit.<\/p>\n","protected":false},"excerpt":{"rendered":"<p>L\u2019unit\u00e9 programmatique m\u00e8ne la conception et la r\u00e9alisation d\u2019ateliers de renforcement des capacit\u00e9s de courte dur\u00e9e portant sur des menaces et des d\u00e9fis sp\u00e9cifiques et \u00e9mergents dans les domaines de la lutte contre le terrorisme et&#8230;<\/p>\n","protected":false},"author":184,"featured_media":5133,"parent":0,"menu_order":0,"comment_status":"closed","ping_status":"closed","template":"templates\/page-builder.php","meta":{"_acf_changed":false,"footnotes":""},"class_list":["post-6350","page","type-page","status-publish","has-post-thumbnail","hentry"],"acf":[],"yoast_head":"<!-- This site is optimized with the Yoast SEO plugin v26.5 - https:\/\/yoast.com\/wordpress\/plugins\/seo\/ -->\n<title>\u00c0 propos de l&#039;unit\u00e9 programmatique - L&#039;Institut International pour La Justice et l&#039;Etat de Droit<\/title>\n<meta name=\"robots\" content=\"index, follow, max-snippet:-1, max-image-preview:large, max-video-preview:-1\" \/>\n<link rel=\"canonical\" href=\"https:\/\/theiij.org\/fr\/programmatic-unit\/\" \/>\n<meta property=\"og:locale\" content=\"fr_FR\" \/>\n<meta property=\"og:type\" content=\"article\" \/>\n<meta property=\"og:title\" content=\"\u00c0 propos de l&#039;unit\u00e9 programmatique - L&#039;Institut International pour La Justice et l&#039;Etat de Droit\" \/>\n<meta property=\"og:description\" content=\"L\u2019unit\u00e9 programmatique m\u00e8ne la conception et la r\u00e9alisation d\u2019ateliers de renforcement des capacit\u00e9s de courte dur\u00e9e portant sur des menaces et des d\u00e9fis sp\u00e9cifiques et \u00e9mergents dans les domaines de la lutte contre le terrorisme et...\" \/>\n<meta property=\"og:url\" content=\"https:\/\/theiij.org\/fr\/programmatic-unit\/\" \/>\n<meta property=\"og:site_name\" content=\"L&#039;Institut International pour La Justice et l&#039;Etat de Droit\" \/>\n<meta property=\"article:modified_time\" content=\"2022-10-19T12:52:37+00:00\" \/>\n<meta property=\"og:image\" content=\"https:\/\/theiij.org\/wp-content\/uploads\/2021\/09\/image-1-1024x683-1.jpeg\" \/>\n\t<meta property=\"og:image:width\" content=\"1024\" \/>\n\t<meta property=\"og:image:height\" content=\"683\" \/>\n\t<meta property=\"og:image:type\" content=\"image\/jpeg\" \/>\n<meta name=\"twitter:card\" content=\"summary_large_image\" \/>\n<meta name=\"twitter:label1\" content=\"Dur\u00e9e de lecture estim\u00e9e\" \/>\n\t<meta name=\"twitter:data1\" content=\"1 minute\" \/>\n<script type=\"application\/ld+json\" class=\"yoast-schema-graph\">{\"@context\":\"https:\/\/schema.org\",\"@graph\":[{\"@type\":\"WebPage\",\"@id\":\"https:\/\/theiij.org\/fr\/programmatic-unit\/\",\"url\":\"https:\/\/theiij.org\/fr\/programmatic-unit\/\",\"name\":\"\u00c0 propos de l'unit\u00e9 programmatique - L&#039;Institut International pour La Justice et l&#039;Etat de Droit\",\"isPartOf\":{\"@id\":\"https:\/\/cms.soundme.app\/#website\"},\"primaryImageOfPage\":{\"@id\":\"https:\/\/theiij.org\/fr\/programmatic-unit\/#primaryimage\"},\"image\":{\"@id\":\"https:\/\/theiij.org\/fr\/programmatic-unit\/#primaryimage\"},\"thumbnailUrl\":\"https:\/\/theiij.org\/wp-content\/uploads\/2021\/09\/image-1-1024x683-1.jpeg\",\"datePublished\":\"2021-09-17T07:01:35+00:00\",\"dateModified\":\"2022-10-19T12:52:37+00:00\",\"breadcrumb\":{\"@id\":\"https:\/\/theiij.org\/fr\/programmatic-unit\/#breadcrumb\"},\"inLanguage\":\"fr-FR\",\"potentialAction\":[{\"@type\":\"ReadAction\",\"target\":[\"https:\/\/theiij.org\/fr\/programmatic-unit\/\"]}]},{\"@type\":\"ImageObject\",\"inLanguage\":\"fr-FR\",\"@id\":\"https:\/\/theiij.org\/fr\/programmatic-unit\/#primaryimage\",\"url\":\"https:\/\/theiij.org\/wp-content\/uploads\/2021\/09\/image-1-1024x683-1.jpeg\",\"contentUrl\":\"https:\/\/theiij.org\/wp-content\/uploads\/2021\/09\/image-1-1024x683-1.jpeg\",\"width\":1024,\"height\":683},{\"@type\":\"BreadcrumbList\",\"@id\":\"https:\/\/theiij.org\/fr\/programmatic-unit\/#breadcrumb\",\"itemListElement\":[{\"@type\":\"ListItem\",\"position\":1,\"name\":\"Home\",\"item\":\"https:\/\/theiij.org\/fr\/\"},{\"@type\":\"ListItem\",\"position\":2,\"name\":\"\u00c0 propos de l&rsquo;unit\u00e9 programmatique\"}]},{\"@type\":\"WebSite\",\"@id\":\"https:\/\/cms.soundme.app\/#website\",\"url\":\"https:\/\/cms.soundme.app\/\",\"name\":\"The International Institute for Justice and the Rule of Law\",\"description\":\"Building the Capacity of Criminal Justice Practitioners\",\"publisher\":{\"@id\":\"https:\/\/cms.soundme.app\/#organization\"},\"potentialAction\":[{\"@type\":\"SearchAction\",\"target\":{\"@type\":\"EntryPoint\",\"urlTemplate\":\"https:\/\/cms.soundme.app\/?s={search_term_string}\"},\"query-input\":{\"@type\":\"PropertyValueSpecification\",\"valueRequired\":true,\"valueName\":\"search_term_string\"}}],\"inLanguage\":\"fr-FR\"},{\"@type\":\"Organization\",\"@id\":\"https:\/\/cms.soundme.app\/#organization\",\"name\":\"The International Institute for Justice and the Rule of Law\",\"url\":\"https:\/\/cms.soundme.app\/\",\"logo\":{\"@type\":\"ImageObject\",\"inLanguage\":\"fr-FR\",\"@id\":\"https:\/\/cms.soundme.app\/#\/schema\/logo\/image\/\",\"url\":\"https:\/\/theiij.org\/wp-content\/uploads\/2024\/06\/IIJ-Logo.svg\",\"contentUrl\":\"https:\/\/theiij.org\/wp-content\/uploads\/2024\/06\/IIJ-Logo.svg\",\"caption\":\"The International Institute for Justice and the Rule of Law\"},\"image\":{\"@id\":\"https:\/\/cms.soundme.app\/#\/schema\/logo\/image\/\"}}]}<\/script>\n<!-- \/ Yoast SEO plugin. -->","yoast_head_json":{"title":"\u00c0 propos de l'unit\u00e9 programmatique - L&#039;Institut International pour La Justice et l&#039;Etat de Droit","robots":{"index":"index","follow":"follow","max-snippet":"max-snippet:-1","max-image-preview":"max-image-preview:large","max-video-preview":"max-video-preview:-1"},"canonical":"https:\/\/theiij.org\/fr\/programmatic-unit\/","og_locale":"fr_FR","og_type":"article","og_title":"\u00c0 propos de l'unit\u00e9 programmatique - L&#039;Institut International pour La Justice et l&#039;Etat de Droit","og_description":"L\u2019unit\u00e9 programmatique m\u00e8ne la conception et la r\u00e9alisation d\u2019ateliers de renforcement des capacit\u00e9s de courte dur\u00e9e portant sur des menaces et des d\u00e9fis sp\u00e9cifiques et \u00e9mergents dans les domaines de la lutte contre le terrorisme et...","og_url":"https:\/\/theiij.org\/fr\/programmatic-unit\/","og_site_name":"L&#039;Institut International pour La Justice et l&#039;Etat de Droit","article_modified_time":"2022-10-19T12:52:37+00:00","og_image":[{"width":1024,"height":683,"url":"https:\/\/theiij.org\/wp-content\/uploads\/2021\/09\/image-1-1024x683-1.jpeg","type":"image\/jpeg"}],"twitter_card":"summary_large_image","twitter_misc":{"Dur\u00e9e de lecture estim\u00e9e":"1 minute"},"schema":{"@context":"https:\/\/schema.org","@graph":[{"@type":"WebPage","@id":"https:\/\/theiij.org\/fr\/programmatic-unit\/","url":"https:\/\/theiij.org\/fr\/programmatic-unit\/","name":"\u00c0 propos de l'unit\u00e9 programmatique - L&#039;Institut International pour La Justice et l&#039;Etat de Droit","isPartOf":{"@id":"https:\/\/cms.soundme.app\/#website"},"primaryImageOfPage":{"@id":"https:\/\/theiij.org\/fr\/programmatic-unit\/#primaryimage"},"image":{"@id":"https:\/\/theiij.org\/fr\/programmatic-unit\/#primaryimage"},"thumbnailUrl":"https:\/\/theiij.org\/wp-content\/uploads\/2021\/09\/image-1-1024x683-1.jpeg","datePublished":"2021-09-17T07:01:35+00:00","dateModified":"2022-10-19T12:52:37+00:00","breadcrumb":{"@id":"https:\/\/theiij.org\/fr\/programmatic-unit\/#breadcrumb"},"inLanguage":"fr-FR","potentialAction":[{"@type":"ReadAction","target":["https:\/\/theiij.org\/fr\/programmatic-unit\/"]}]},{"@type":"ImageObject","inLanguage":"fr-FR","@id":"https:\/\/theiij.org\/fr\/programmatic-unit\/#primaryimage","url":"https:\/\/theiij.org\/wp-content\/uploads\/2021\/09\/image-1-1024x683-1.jpeg","contentUrl":"https:\/\/theiij.org\/wp-content\/uploads\/2021\/09\/image-1-1024x683-1.jpeg","width":1024,"height":683},{"@type":"BreadcrumbList","@id":"https:\/\/theiij.org\/fr\/programmatic-unit\/#breadcrumb","itemListElement":[{"@type":"ListItem","position":1,"name":"Home","item":"https:\/\/theiij.org\/fr\/"},{"@type":"ListItem","position":2,"name":"\u00c0 propos de l&rsquo;unit\u00e9 programmatique"}]},{"@type":"WebSite","@id":"https:\/\/cms.soundme.app\/#website","url":"https:\/\/cms.soundme.app\/","name":"The International Institute for Justice and the Rule of Law","description":"Building the Capacity of Criminal Justice Practitioners","publisher":{"@id":"https:\/\/cms.soundme.app\/#organization"},"potentialAction":[{"@type":"SearchAction","target":{"@type":"EntryPoint","urlTemplate":"https:\/\/cms.soundme.app\/?s={search_term_string}"},"query-input":{"@type":"PropertyValueSpecification","valueRequired":true,"valueName":"search_term_string"}}],"inLanguage":"fr-FR"},{"@type":"Organization","@id":"https:\/\/cms.soundme.app\/#organization","name":"The International Institute for Justice and the Rule of Law","url":"https:\/\/cms.soundme.app\/","logo":{"@type":"ImageObject","inLanguage":"fr-FR","@id":"https:\/\/cms.soundme.app\/#\/schema\/logo\/image\/","url":"https:\/\/theiij.org\/wp-content\/uploads\/2024\/06\/IIJ-Logo.svg","contentUrl":"https:\/\/theiij.org\/wp-content\/uploads\/2024\/06\/IIJ-Logo.svg","caption":"The International Institute for Justice and the Rule of Law"},"image":{"@id":"https:\/\/cms.soundme.app\/#\/schema\/logo\/image\/"}}]}},"_links":{"self":[{"href":"https:\/\/theiij.org\/fr\/wp-json\/wp\/v2\/pages\/6350","targetHints":{"allow":["GET"]}}],"collection":[{"href":"https:\/\/theiij.org\/fr\/wp-json\/wp\/v2\/pages"}],"about":[{"href":"https:\/\/theiij.org\/fr\/wp-json\/wp\/v2\/types\/page"}],"author":[{"embeddable":true,"href":"https:\/\/theiij.org\/fr\/wp-json\/wp\/v2\/users\/184"}],"replies":[{"embeddable":true,"href":"https:\/\/theiij.org\/fr\/wp-json\/wp\/v2\/comments?post=6350"}],"version-history":[{"count":0,"href":"https:\/\/theiij.org\/fr\/wp-json\/wp\/v2\/pages\/6350\/revisions"}],"wp:featuredmedia":[{"embeddable":true,"href":"https:\/\/theiij.org\/fr\/wp-json\/wp\/v2\/media\/5133"}],"wp:attachment":[{"href":"https:\/\/theiij.org\/fr\/wp-json\/wp\/v2\/media?parent=6350"}],"curies":[{"name":"wp","href":"https:\/\/api.w.org\/{rel}","templated":true}]}}