{"id":6354,"date":"2021-09-08T13:00:51","date_gmt":"2021-09-08T13:00:51","guid":{"rendered":"https:\/\/iij.fifthtribe.com\/governing-board\/"},"modified":"2026-02-19T15:32:06","modified_gmt":"2026-02-19T14:32:06","slug":"governing-board","status":"publish","type":"page","link":"https:\/\/theiij.org\/fr\/governing-board\/","title":{"rendered":"Conseil d\u2019administration"},"content":{"rendered":"\n<p>L\u2019IIJ est guid\u00e9et appuy\u00e9dans sa mission par un conseil d\u2019administration international (CAI), repr\u00e9sentant 12 gouvernements et l\u2019Union europ\u00e9enne.<\/p>\n\n\n\n<p>Les membres du conseil d\u2019administration se r\u00e9unissent deux fois par an pour examiner le programme et le budget annuels, recevoir des informations actualis\u00e9es sur la mise en \u0153uvre des strat\u00e9gies de l\u2019IIJ (notamment celles qui concernent la durabilit\u00e9, le suivi et l\u2019\u00e9valuation,et la communication) et approuver les partenariats. Le conseil d&rsquo;administration a adopt\u00e9des politiques compl\u00e8tes en mati\u00e8re de s\u00e9curit\u00e9, d\u2019administration financi\u00e8re, de personnel et de passation de march\u00e9s. Il b\u00e9n\u00e9ficie d&rsquo;un audit annuel ind\u00e9pendant des finances de l\u2019Institut, r\u00e9alis\u00e9 par Deloitte.<\/p>\n","protected":false},"excerpt":{"rendered":"<p>L\u2019IIJ est guid\u00e9et appuy\u00e9dans sa mission par un conseil d\u2019administration international (CAI), repr\u00e9sentant 12 gouvernements et l\u2019Union europ\u00e9enne. Les membres du conseil d\u2019administration se r\u00e9unissent deux fois par an pour examiner le programme et le budget&#8230;<\/p>\n","protected":false},"author":184,"featured_media":0,"parent":0,"menu_order":0,"comment_status":"closed","ping_status":"closed","template":"templates\/page-builder.php","meta":{"_acf_changed":false,"footnotes":""},"class_list":["post-6354","page","type-page","status-publish","hentry"],"acf":[],"yoast_head":"<!-- This site is optimized with the Yoast SEO plugin v26.5 - https:\/\/yoast.com\/wordpress\/plugins\/seo\/ -->\n<title>Conseil d\u2019administration - L&#039;Institut International pour La Justice et l&#039;Etat de Droit<\/title>\n<meta name=\"robots\" content=\"index, follow, max-snippet:-1, max-image-preview:large, max-video-preview:-1\" \/>\n<link rel=\"canonical\" href=\"https:\/\/theiij.org\/fr\/governing-board\/\" \/>\n<meta property=\"og:locale\" content=\"fr_FR\" \/>\n<meta property=\"og:type\" content=\"article\" \/>\n<meta property=\"og:title\" content=\"Conseil d\u2019administration - L&#039;Institut International pour La Justice et l&#039;Etat de Droit\" \/>\n<meta property=\"og:description\" content=\"L\u2019IIJ est guid\u00e9et appuy\u00e9dans sa mission par un conseil d\u2019administration international (CAI), repr\u00e9sentant 12 gouvernements et l\u2019Union europ\u00e9enne. Les membres du conseil d\u2019administration se r\u00e9unissent deux fois par an pour examiner le programme et le budget...\" \/>\n<meta property=\"og:url\" content=\"https:\/\/theiij.org\/fr\/governing-board\/\" \/>\n<meta property=\"og:site_name\" content=\"L&#039;Institut International pour La Justice et l&#039;Etat de Droit\" \/>\n<meta property=\"article:modified_time\" content=\"2026-02-19T14:32:06+00:00\" \/>\n<meta name=\"twitter:card\" content=\"summary_large_image\" \/>\n<meta name=\"twitter:label1\" content=\"Dur\u00e9e de lecture estim\u00e9e\" \/>\n\t<meta name=\"twitter:data1\" content=\"1 minute\" \/>\n<script type=\"application\/ld+json\" class=\"yoast-schema-graph\">{\"@context\":\"https:\/\/schema.org\",\"@graph\":[{\"@type\":\"WebPage\",\"@id\":\"https:\/\/theiij.org\/fr\/governing-board\/\",\"url\":\"https:\/\/theiij.org\/fr\/governing-board\/\",\"name\":\"Conseil d\u2019administration - L&#039;Institut International pour La Justice et l&#039;Etat de Droit\",\"isPartOf\":{\"@id\":\"https:\/\/cms.soundme.app\/#website\"},\"datePublished\":\"2021-09-08T13:00:51+00:00\",\"dateModified\":\"2026-02-19T14:32:06+00:00\",\"breadcrumb\":{\"@id\":\"https:\/\/theiij.org\/fr\/governing-board\/#breadcrumb\"},\"inLanguage\":\"fr-FR\",\"potentialAction\":[{\"@type\":\"ReadAction\",\"target\":[\"https:\/\/theiij.org\/fr\/governing-board\/\"]}]},{\"@type\":\"BreadcrumbList\",\"@id\":\"https:\/\/theiij.org\/fr\/governing-board\/#breadcrumb\",\"itemListElement\":[{\"@type\":\"ListItem\",\"position\":1,\"name\":\"Home\",\"item\":\"https:\/\/theiij.org\/fr\/\"},{\"@type\":\"ListItem\",\"position\":2,\"name\":\"Conseil d\u2019administration\"}]},{\"@type\":\"WebSite\",\"@id\":\"https:\/\/cms.soundme.app\/#website\",\"url\":\"https:\/\/cms.soundme.app\/\",\"name\":\"The International Institute for Justice and the Rule of Law\",\"description\":\"Building the Capacity of Criminal Justice Practitioners\",\"publisher\":{\"@id\":\"https:\/\/cms.soundme.app\/#organization\"},\"potentialAction\":[{\"@type\":\"SearchAction\",\"target\":{\"@type\":\"EntryPoint\",\"urlTemplate\":\"https:\/\/cms.soundme.app\/?s={search_term_string}\"},\"query-input\":{\"@type\":\"PropertyValueSpecification\",\"valueRequired\":true,\"valueName\":\"search_term_string\"}}],\"inLanguage\":\"fr-FR\"},{\"@type\":\"Organization\",\"@id\":\"https:\/\/cms.soundme.app\/#organization\",\"name\":\"The International Institute for Justice and the Rule of Law\",\"url\":\"https:\/\/cms.soundme.app\/\",\"logo\":{\"@type\":\"ImageObject\",\"inLanguage\":\"fr-FR\",\"@id\":\"https:\/\/cms.soundme.app\/#\/schema\/logo\/image\/\",\"url\":\"https:\/\/theiij.org\/wp-content\/uploads\/2024\/06\/IIJ-Logo.svg\",\"contentUrl\":\"https:\/\/theiij.org\/wp-content\/uploads\/2024\/06\/IIJ-Logo.svg\",\"caption\":\"The International Institute for Justice and the Rule of Law\"},\"image\":{\"@id\":\"https:\/\/cms.soundme.app\/#\/schema\/logo\/image\/\"}}]}<\/script>\n<!-- \/ Yoast SEO plugin. -->","yoast_head_json":{"title":"Conseil d\u2019administration - L&#039;Institut International pour La Justice et l&#039;Etat de Droit","robots":{"index":"index","follow":"follow","max-snippet":"max-snippet:-1","max-image-preview":"max-image-preview:large","max-video-preview":"max-video-preview:-1"},"canonical":"https:\/\/theiij.org\/fr\/governing-board\/","og_locale":"fr_FR","og_type":"article","og_title":"Conseil d\u2019administration - L&#039;Institut International pour La Justice et l&#039;Etat de Droit","og_description":"L\u2019IIJ est guid\u00e9et appuy\u00e9dans sa mission par un conseil d\u2019administration international (CAI), repr\u00e9sentant 12 gouvernements et l\u2019Union europ\u00e9enne. Les membres du conseil d\u2019administration se r\u00e9unissent deux fois par an pour examiner le programme et le budget...","og_url":"https:\/\/theiij.org\/fr\/governing-board\/","og_site_name":"L&#039;Institut International pour La Justice et l&#039;Etat de Droit","article_modified_time":"2026-02-19T14:32:06+00:00","twitter_card":"summary_large_image","twitter_misc":{"Dur\u00e9e de lecture estim\u00e9e":"1 minute"},"schema":{"@context":"https:\/\/schema.org","@graph":[{"@type":"WebPage","@id":"https:\/\/theiij.org\/fr\/governing-board\/","url":"https:\/\/theiij.org\/fr\/governing-board\/","name":"Conseil d\u2019administration - L&#039;Institut International pour La Justice et l&#039;Etat de Droit","isPartOf":{"@id":"https:\/\/cms.soundme.app\/#website"},"datePublished":"2021-09-08T13:00:51+00:00","dateModified":"2026-02-19T14:32:06+00:00","breadcrumb":{"@id":"https:\/\/theiij.org\/fr\/governing-board\/#breadcrumb"},"inLanguage":"fr-FR","potentialAction":[{"@type":"ReadAction","target":["https:\/\/theiij.org\/fr\/governing-board\/"]}]},{"@type":"BreadcrumbList","@id":"https:\/\/theiij.org\/fr\/governing-board\/#breadcrumb","itemListElement":[{"@type":"ListItem","position":1,"name":"Home","item":"https:\/\/theiij.org\/fr\/"},{"@type":"ListItem","position":2,"name":"Conseil d\u2019administration"}]},{"@type":"WebSite","@id":"https:\/\/cms.soundme.app\/#website","url":"https:\/\/cms.soundme.app\/","name":"The International Institute for Justice and the Rule of Law","description":"Building the Capacity of Criminal Justice Practitioners","publisher":{"@id":"https:\/\/cms.soundme.app\/#organization"},"potentialAction":[{"@type":"SearchAction","target":{"@type":"EntryPoint","urlTemplate":"https:\/\/cms.soundme.app\/?s={search_term_string}"},"query-input":{"@type":"PropertyValueSpecification","valueRequired":true,"valueName":"search_term_string"}}],"inLanguage":"fr-FR"},{"@type":"Organization","@id":"https:\/\/cms.soundme.app\/#organization","name":"The International Institute for Justice and the Rule of Law","url":"https:\/\/cms.soundme.app\/","logo":{"@type":"ImageObject","inLanguage":"fr-FR","@id":"https:\/\/cms.soundme.app\/#\/schema\/logo\/image\/","url":"https:\/\/theiij.org\/wp-content\/uploads\/2024\/06\/IIJ-Logo.svg","contentUrl":"https:\/\/theiij.org\/wp-content\/uploads\/2024\/06\/IIJ-Logo.svg","caption":"The International Institute for Justice and the Rule of Law"},"image":{"@id":"https:\/\/cms.soundme.app\/#\/schema\/logo\/image\/"}}]}},"_links":{"self":[{"href":"https:\/\/theiij.org\/fr\/wp-json\/wp\/v2\/pages\/6354","targetHints":{"allow":["GET"]}}],"collection":[{"href":"https:\/\/theiij.org\/fr\/wp-json\/wp\/v2\/pages"}],"about":[{"href":"https:\/\/theiij.org\/fr\/wp-json\/wp\/v2\/types\/page"}],"author":[{"embeddable":true,"href":"https:\/\/theiij.org\/fr\/wp-json\/wp\/v2\/users\/184"}],"replies":[{"embeddable":true,"href":"https:\/\/theiij.org\/fr\/wp-json\/wp\/v2\/comments?post=6354"}],"version-history":[{"count":1,"href":"https:\/\/theiij.org\/fr\/wp-json\/wp\/v2\/pages\/6354\/revisions"}],"predecessor-version":[{"id":16568,"href":"https:\/\/theiij.org\/fr\/wp-json\/wp\/v2\/pages\/6354\/revisions\/16568"}],"wp:attachment":[{"href":"https:\/\/theiij.org\/fr\/wp-json\/wp\/v2\/media?parent=6354"}],"curies":[{"name":"wp","href":"https:\/\/api.w.org\/{rel}","templated":true}]}}