{"id":6357,"date":"2021-09-02T12:08:13","date_gmt":"2021-09-02T12:08:13","guid":{"rendered":"https:\/\/iij.fifthtribe.com\/investments-in-sustainable-impact\/"},"modified":"2021-12-06T14:12:08","modified_gmt":"2021-12-06T14:12:08","slug":"investments-in-sustainable-impact","status":"publish","type":"page","link":"https:\/\/theiij.org\/fr\/investments-in-sustainable-impact\/","title":{"rendered":"Investissements dans l&rsquo;impact durable"},"content":{"rendered":"\n<p>Le suivi et l\u2019\u00e9valuation (S&amp;E) sont des \u00e9tapes cruciales pour un renforcement efficace et durable des capacit\u00e9s, et des priorit\u00e9s essentielles pour l\u2019IIJ.<\/p>\n\n\n\n<p>L\u2019IIJ investit des ressources consid\u00e9rables dans le d\u00e9veloppement d\u2019une strat\u00e9gie prospective de suivi et d\u2019\u00e9valuation de l\u2019IIJ, un point de d\u00e9part pour institutionnaliser et rendre op\u00e9rationnel un cadre syst\u00e9matique de suivi et d\u2019\u00e9valuation et pour relever efficacement les d\u00e9fis de la mesure de l\u2019impact sur le terrain.<\/p>\n","protected":false},"excerpt":{"rendered":"<p>Le suivi et l\u2019\u00e9valuation (S&amp;E) sont des \u00e9tapes cruciales pour un renforcement efficace et durable des capacit\u00e9s, et des priorit\u00e9s essentielles pour l\u2019IIJ. L\u2019IIJ investit des ressources consid\u00e9rables dans le d\u00e9veloppement d\u2019une strat\u00e9gie prospective de suivi&#8230;<\/p>\n","protected":false},"author":184,"featured_media":0,"parent":0,"menu_order":0,"comment_status":"closed","ping_status":"closed","template":"templates\/page-builder.php","meta":{"_acf_changed":false,"footnotes":""},"class_list":["post-6357","page","type-page","status-publish","hentry"],"acf":[],"yoast_head":"<!-- This site is optimized with the Yoast SEO plugin v26.5 - https:\/\/yoast.com\/wordpress\/plugins\/seo\/ -->\n<title>Investissements dans l&#039;impact durable - L&#039;Institut International pour La Justice et l&#039;Etat de Droit<\/title>\n<meta name=\"robots\" content=\"index, follow, max-snippet:-1, max-image-preview:large, max-video-preview:-1\" \/>\n<link rel=\"canonical\" href=\"https:\/\/soundme.app\/fr\/investments-in-sustainable-impact\/\" \/>\n<meta property=\"og:locale\" content=\"fr_FR\" \/>\n<meta property=\"og:type\" content=\"article\" \/>\n<meta property=\"og:title\" content=\"Investissements dans l&#039;impact durable - L&#039;Institut International pour La Justice et l&#039;Etat de Droit\" \/>\n<meta property=\"og:description\" content=\"Le suivi et l\u2019\u00e9valuation (S&amp;E) sont des \u00e9tapes cruciales pour un renforcement efficace et durable des capacit\u00e9s, et des priorit\u00e9s essentielles pour l\u2019IIJ. L\u2019IIJ investit des ressources consid\u00e9rables dans le d\u00e9veloppement d\u2019une strat\u00e9gie prospective de suivi...\" \/>\n<meta property=\"og:url\" content=\"https:\/\/soundme.app\/fr\/investments-in-sustainable-impact\/\" \/>\n<meta property=\"og:site_name\" content=\"L&#039;Institut International pour La Justice et l&#039;Etat de Droit\" \/>\n<meta property=\"article:modified_time\" content=\"2021-12-06T14:12:08+00:00\" \/>\n<meta name=\"twitter:card\" content=\"summary_large_image\" \/>\n<meta name=\"twitter:label1\" content=\"Dur\u00e9e de lecture estim\u00e9e\" \/>\n\t<meta name=\"twitter:data1\" content=\"1 minute\" \/>\n<script type=\"application\/ld+json\" class=\"yoast-schema-graph\">{\"@context\":\"https:\/\/schema.org\",\"@graph\":[{\"@type\":\"WebPage\",\"@id\":\"https:\/\/soundme.app\/fr\/investments-in-sustainable-impact\/\",\"url\":\"https:\/\/soundme.app\/fr\/investments-in-sustainable-impact\/\",\"name\":\"Investissements dans l'impact durable - L&#039;Institut International pour La Justice et l&#039;Etat de Droit\",\"isPartOf\":{\"@id\":\"https:\/\/cms.soundme.app\/#website\"},\"datePublished\":\"2021-09-02T12:08:13+00:00\",\"dateModified\":\"2021-12-06T14:12:08+00:00\",\"breadcrumb\":{\"@id\":\"https:\/\/soundme.app\/fr\/investments-in-sustainable-impact\/#breadcrumb\"},\"inLanguage\":\"fr-FR\",\"potentialAction\":[{\"@type\":\"ReadAction\",\"target\":[\"https:\/\/soundme.app\/fr\/investments-in-sustainable-impact\/\"]}]},{\"@type\":\"BreadcrumbList\",\"@id\":\"https:\/\/soundme.app\/fr\/investments-in-sustainable-impact\/#breadcrumb\",\"itemListElement\":[{\"@type\":\"ListItem\",\"position\":1,\"name\":\"Home\",\"item\":\"https:\/\/theiij.org\/fr\/\"},{\"@type\":\"ListItem\",\"position\":2,\"name\":\"Investissements dans l&rsquo;impact durable\"}]},{\"@type\":\"WebSite\",\"@id\":\"https:\/\/cms.soundme.app\/#website\",\"url\":\"https:\/\/cms.soundme.app\/\",\"name\":\"The International Institute for Justice and the Rule of Law\",\"description\":\"Building the Capacity of Criminal Justice Practitioners\",\"publisher\":{\"@id\":\"https:\/\/cms.soundme.app\/#organization\"},\"potentialAction\":[{\"@type\":\"SearchAction\",\"target\":{\"@type\":\"EntryPoint\",\"urlTemplate\":\"https:\/\/cms.soundme.app\/?s={search_term_string}\"},\"query-input\":{\"@type\":\"PropertyValueSpecification\",\"valueRequired\":true,\"valueName\":\"search_term_string\"}}],\"inLanguage\":\"fr-FR\"},{\"@type\":\"Organization\",\"@id\":\"https:\/\/cms.soundme.app\/#organization\",\"name\":\"The International Institute for Justice and the Rule of Law\",\"url\":\"https:\/\/cms.soundme.app\/\",\"logo\":{\"@type\":\"ImageObject\",\"inLanguage\":\"fr-FR\",\"@id\":\"https:\/\/cms.soundme.app\/#\/schema\/logo\/image\/\",\"url\":\"https:\/\/theiij.org\/wp-content\/uploads\/2024\/06\/IIJ-Logo.svg\",\"contentUrl\":\"https:\/\/theiij.org\/wp-content\/uploads\/2024\/06\/IIJ-Logo.svg\",\"caption\":\"The International Institute for Justice and the Rule of Law\"},\"image\":{\"@id\":\"https:\/\/cms.soundme.app\/#\/schema\/logo\/image\/\"}}]}<\/script>\n<!-- \/ Yoast SEO plugin. -->","yoast_head_json":{"title":"Investissements dans l'impact durable - L&#039;Institut International pour La Justice et l&#039;Etat de Droit","robots":{"index":"index","follow":"follow","max-snippet":"max-snippet:-1","max-image-preview":"max-image-preview:large","max-video-preview":"max-video-preview:-1"},"canonical":"https:\/\/soundme.app\/fr\/investments-in-sustainable-impact\/","og_locale":"fr_FR","og_type":"article","og_title":"Investissements dans l'impact durable - L&#039;Institut International pour La Justice et l&#039;Etat de Droit","og_description":"Le suivi et l\u2019\u00e9valuation (S&amp;E) sont des \u00e9tapes cruciales pour un renforcement efficace et durable des capacit\u00e9s, et des priorit\u00e9s essentielles pour l\u2019IIJ. L\u2019IIJ investit des ressources consid\u00e9rables dans le d\u00e9veloppement d\u2019une strat\u00e9gie prospective de suivi...","og_url":"https:\/\/soundme.app\/fr\/investments-in-sustainable-impact\/","og_site_name":"L&#039;Institut International pour La Justice et l&#039;Etat de Droit","article_modified_time":"2021-12-06T14:12:08+00:00","twitter_card":"summary_large_image","twitter_misc":{"Dur\u00e9e de lecture estim\u00e9e":"1 minute"},"schema":{"@context":"https:\/\/schema.org","@graph":[{"@type":"WebPage","@id":"https:\/\/soundme.app\/fr\/investments-in-sustainable-impact\/","url":"https:\/\/soundme.app\/fr\/investments-in-sustainable-impact\/","name":"Investissements dans l'impact durable - L&#039;Institut International pour La Justice et l&#039;Etat de Droit","isPartOf":{"@id":"https:\/\/cms.soundme.app\/#website"},"datePublished":"2021-09-02T12:08:13+00:00","dateModified":"2021-12-06T14:12:08+00:00","breadcrumb":{"@id":"https:\/\/soundme.app\/fr\/investments-in-sustainable-impact\/#breadcrumb"},"inLanguage":"fr-FR","potentialAction":[{"@type":"ReadAction","target":["https:\/\/soundme.app\/fr\/investments-in-sustainable-impact\/"]}]},{"@type":"BreadcrumbList","@id":"https:\/\/soundme.app\/fr\/investments-in-sustainable-impact\/#breadcrumb","itemListElement":[{"@type":"ListItem","position":1,"name":"Home","item":"https:\/\/theiij.org\/fr\/"},{"@type":"ListItem","position":2,"name":"Investissements dans l&rsquo;impact durable"}]},{"@type":"WebSite","@id":"https:\/\/cms.soundme.app\/#website","url":"https:\/\/cms.soundme.app\/","name":"The International Institute for Justice and the Rule of Law","description":"Building the Capacity of Criminal Justice Practitioners","publisher":{"@id":"https:\/\/cms.soundme.app\/#organization"},"potentialAction":[{"@type":"SearchAction","target":{"@type":"EntryPoint","urlTemplate":"https:\/\/cms.soundme.app\/?s={search_term_string}"},"query-input":{"@type":"PropertyValueSpecification","valueRequired":true,"valueName":"search_term_string"}}],"inLanguage":"fr-FR"},{"@type":"Organization","@id":"https:\/\/cms.soundme.app\/#organization","name":"The International Institute for Justice and the Rule of Law","url":"https:\/\/cms.soundme.app\/","logo":{"@type":"ImageObject","inLanguage":"fr-FR","@id":"https:\/\/cms.soundme.app\/#\/schema\/logo\/image\/","url":"https:\/\/theiij.org\/wp-content\/uploads\/2024\/06\/IIJ-Logo.svg","contentUrl":"https:\/\/theiij.org\/wp-content\/uploads\/2024\/06\/IIJ-Logo.svg","caption":"The International Institute for Justice and the Rule of Law"},"image":{"@id":"https:\/\/cms.soundme.app\/#\/schema\/logo\/image\/"}}]}},"_links":{"self":[{"href":"https:\/\/theiij.org\/fr\/wp-json\/wp\/v2\/pages\/6357","targetHints":{"allow":["GET"]}}],"collection":[{"href":"https:\/\/theiij.org\/fr\/wp-json\/wp\/v2\/pages"}],"about":[{"href":"https:\/\/theiij.org\/fr\/wp-json\/wp\/v2\/types\/page"}],"author":[{"embeddable":true,"href":"https:\/\/theiij.org\/fr\/wp-json\/wp\/v2\/users\/184"}],"replies":[{"embeddable":true,"href":"https:\/\/theiij.org\/fr\/wp-json\/wp\/v2\/comments?post=6357"}],"version-history":[{"count":0,"href":"https:\/\/theiij.org\/fr\/wp-json\/wp\/v2\/pages\/6357\/revisions"}],"wp:attachment":[{"href":"https:\/\/theiij.org\/fr\/wp-json\/wp\/v2\/media?parent=6357"}],"curies":[{"name":"wp","href":"https:\/\/api.w.org\/{rel}","templated":true}]}}